{"id":72219,"date":"2022-05-18T16:19:48","date_gmt":"2022-05-18T14:19:48","guid":{"rendered":"https:\/\/www.saetayield.com\/?page_id=72219"},"modified":"2022-05-18T17:17:51","modified_gmt":"2022-05-18T15:17:51","slug":"cookies-policy","status":"publish","type":"page","link":"https:\/\/www.saetayield.com\/en\/cookies-policy\/","title":{"rendered":"cookies-policy"},"content":{"rendered":"<div data-elementor-type=\"wp-page\" data-elementor-id=\"72219\" class=\"elementor elementor-72219\" data-elementor-post-type=\"page\">\n\t\t\t\t\t\t<section class=\"has_eae_slider elementor-section elementor-top-section elementor-element elementor-element-668af6e elementor-section-boxed elementor-section-height-default elementor-section-height-default\" data-eae-slider=\"38320\" data-id=\"668af6e\" data-element_type=\"section\" data-e-type=\"section\">\n\t\t\t\t\t\t<div class=\"elementor-container elementor-column-gap-default\">\n\t\t\t\t\t<div class=\"has_eae_slider elementor-column elementor-col-100 elementor-top-column elementor-element elementor-element-240389f\" data-eae-slider=\"46432\" data-id=\"240389f\" data-element_type=\"column\" data-e-type=\"column\">\n\t\t\t<div class=\"elementor-widget-wrap elementor-element-populated\">\n\t\t\t\t\t\t<div class=\"elementor-element elementor-element-b9bb6df elementor-widget elementor-widget-heading\" data-id=\"b9bb6df\" data-element_type=\"widget\" data-e-type=\"widget\" data-widget_type=\"heading.default\">\n\t\t\t\t<div class=\"elementor-widget-container\">\n\t\t\t\t\t<h2 class=\"elementor-heading-title elementor-size-default\">Pol\u00edtica de Cookies<\/h2>\t\t\t\t<\/div>\n\t\t\t\t<\/div>\n\t\t\t\t\t<\/div>\n\t\t<\/div>\n\t\t\t\t\t<\/div>\n\t\t<\/section>\n\t\t\t\t<section class=\"has_eae_slider elementor-section elementor-top-section elementor-element elementor-element-3c649d3 elementor-section-boxed elementor-section-height-default elementor-section-height-default\" data-eae-slider=\"79817\" data-id=\"3c649d3\" data-element_type=\"section\" data-e-type=\"section\">\n\t\t\t\t\t\t<div class=\"elementor-container elementor-column-gap-default\">\n\t\t\t\t\t<div class=\"has_eae_slider elementor-column elementor-col-100 elementor-top-column elementor-element elementor-element-45d9f8c\" data-eae-slider=\"46867\" data-id=\"45d9f8c\" data-element_type=\"column\" data-e-type=\"column\">\n\t\t\t<div class=\"elementor-widget-wrap elementor-element-populated\">\n\t\t\t\t\t\t<div class=\"elementor-element elementor-element-62f43c3 elementor-widget elementor-widget-text-editor\" data-id=\"62f43c3\" data-element_type=\"widget\" data-e-type=\"widget\" data-widget_type=\"text-editor.default\">\n\t\t\t\t<div class=\"elementor-widget-container\">\n\t\t\t\t\t\t\t\t\t<h3><strong>Uso de cookies<\/strong><\/h3><h4><em>\u00bfQu\u00e9 es una cookie?<\/em><\/h4><p>Es un fichero que se descarga en su ordenador u otro dispositivo al acceder a determinadas p\u00e1ginas web que recogen informaci\u00f3n sobre su navegaci\u00f3n en dicho sitio web. En algunos casos las cookies resultan necesarias para facilitar la navegaci\u00f3n y permiten<br \/>almacenar y recuperar informaci\u00f3n sobre los h\u00e1bitos de navegaci\u00f3n de un usuario o de su equipo, entre otras cosas y, seg\u00fan la informaci\u00f3n que contengan y de la forma en que utilice su equipo, pueden utilizarse para reconocer al usuario.<\/p><h4>Identificaci\u00f3n de cookies utilizadas<\/h4><p>Siguiendo las directrices establecidas por la Agencia Espa\u00f1ola de Protecci\u00f3n de Datos, las cookies empleadas en esta web se clasifican de la siguiente forma:<br \/><br \/>Cookies propias: Son aqu\u00e9llas que se env\u00edan al equipo terminal del usuario desde un equipo o dominio gestionado por el propio editor y desde el que se presta el servicio solicitado por el usuario.<\/p><p><strong>Cookies de tercero<\/strong>: Son aqu\u00e9llas que se env\u00edan al equipo terminal del usuario desde un equipo o dominio que no es gestionado por el editor, sino por otra entidad que trata los datos obtenidos trav\u00e9s de las cookies.<\/p><p><strong>Cookies de sesi\u00f3n<\/strong>: Recaban y almacenan datos mientras el usuario accede a una p\u00e1gina web.<br \/><br \/>Cookies persistentes: Almacenan los datos en el terminal de manera que pueden ser accedidos y tratados durante un periodo definido por el responsable de la cookie -de unos minutos a varios a\u00f1os-.<\/p><p><strong>Cookies t\u00e9cnicas<\/strong>: Permiten al usuario la navegaci\u00f3n a trav\u00e9s de una p\u00e1gina web, plataforma o aplicaci\u00f3n y la utilizaci\u00f3n de las diferentes opciones o servicios que en ella existan.<\/p><p><strong>Cookies de personalizaci\u00f3n<\/strong>: Permiten al usuario acceder al servicio con algunas caracter\u00edsticas de car\u00e1cter general predefinidas en funci\u00f3n de una serie de criterios en el terminal del usuario como por ejemplo serian el idioma, el tipo<br \/>de navegador a trav\u00e9s del cual accede al servicio, la configuraci\u00f3n regional desde donde accede al servicio, etc.<\/p><p><strong>Cookies de an\u00e1lisis<\/strong>: Permiten al responsable de las mismas, el seguimiento y an\u00e1lisis del comportamiento de los usuarios de los sitios web a los que est\u00e1n vinculadas. La informaci\u00f3n recogida mediante este tipo de cookies se utiliza en<br \/>la medici\u00f3n de la actividad de los sitios web, aplicaci\u00f3n o plataforma y para la elaboraci\u00f3n de perfiles de navegaci\u00f3n de los usuarios de dichos sitios, aplicaciones y plataformas, con el fin de introducir mejoras en funci\u00f3n del an\u00e1lisis de los datos<br \/>de uso que hacen los usuarios del servicio.<\/p><p>La siguiente tabla muestra las cookies propias y de terceros de la web\u00a0<a href=\"https:\/\/www.saetayield.com\/\">www.saetayield.com<\/a>\u00a0y la finalidad para la que se utiliza cada una.<\/p><p>\u00a0<\/p><table class=\"table\"><tbody><tr><th colspan=\"3\">COOKIES PROPIAS<\/th><\/tr><tr><th>COOKIE<\/th><th>FINALIDAD<\/th><th>FUNCIONALIDAD AFECTADA EN CASO DE DESACTIVACI\u00d3N<\/th><\/tr><tr><td>Cookies<\/td><td>Comprobar si el aviso de cookies ha sido leido o no<\/td><td>No se ocultar\u00e1 el aviso de cookies<\/td><\/tr><tr><th colspan=\"3\">COOKIES DE TERCEROS<\/th><\/tr><tr><th>COOKIE<\/th><th>FINALIDAD<\/th><th>FUNCIONALIDAD AFECTADA EN CASO DE DESACTIVACI\u00d3N<\/th><\/tr><tr><td>__utma (1)<\/td><td>Usada para distinguir usuarios y sesiones. Informaci\u00f3n sobre el n\u00famero de visitas realizado por el usuario. Identifica tambi\u00e9n cu\u00e1ndo fue la primera y la \u00faltima vez que visit\u00f3 la p\u00e1gina.<\/td><td>Google analytics<\/td><\/tr><tr><td>__utmb (1)<\/td><td>Usada para determinar nuevas sesiones\/visitas. Identifica la hora de acceso a la p\u00e1gina.<\/td><td>Google analytics<\/td><\/tr><tr><td>__utmc (1)<\/td><td>El c\u00f3digo javascript actual de Google Analytics no requiere esta cookie. Esta cookie se sigue escribiendo para asegurar la compatibilidad con las webs donde est\u00e1 instalado el antiguo c\u00f3digo de seguimiento urchin.js.<\/td><td>Google analytics<\/td><\/tr><tr><td>__utmz (1)<\/td><td>Usada para almacenar informaci\u00f3n sobre h\u00e1bitos del usuario.<\/td><td>Google analytics<\/td><\/tr><tr><td>__utmv (1)<\/td><td>Usada para almacenar informaci\u00f3n sobre h\u00e1bitos del usuario.<\/td><td>Google analytics<\/td><\/tr><tr><td>khcookie, testcookie, NID, PREF<\/td><td>Cookies de Google Maps usadas para dar informaci\u00f3n sobre c\u00f3mo localizar los puntos de recarga.<\/td><td>maps.google.com<\/td><\/tr><\/tbody><\/table><p><small>(1)Permiten hacer un seguimiento del sitio web mediante la herramienta Google Analytics, que es un servicio proporcionado por Google para obtener informaci\u00f3n de los accesos de los usuarios a los sitios web. Google, Inc., una compa\u00f1\u00eda de Delaware cuya oficina principal est\u00e1 en 1600 Amphitheatre Parkway, Mountain View (California), CA 94043, Estados Unidos. Algunos de los datos almacenados para posteriores an\u00e1lisis son: el n\u00famero de veces que el usuario ha visitado el sitio web, fechas de la primera y la \u00faltima visita del usuario, duraci\u00f3n de las visitas, p\u00e1gina desde la que el usuario ha accedido al sitio web, el motor de b\u00fasqueda que el usuario ha usado para llegar al sitio web o v\u00ednculo que ha seleccionado, lugar del mundo desde el que accede el usuario, etc. La configuraci\u00f3n de estas cookies est\u00e1 predeterminada por el servicio que ofrece Google, motivo por el cual le sugerimos que consulte la p\u00e1gina de privacidad de Google Analytics, http:\/\/www.google.com\/intl\/es\/analytics\/privacyoverview.html para obtener m\u00e1s informaci\u00f3n sobre las cookies que usa y c\u00f3mo deshabilitarlas (entendi\u00e9ndose que no somos responsables del contenido o la veracidad de los sitios web de terceros).<\/small><\/p><h4>Desactivaci\u00f3n de cookies<\/h4><p>Puede usted permitir, bloquear o eliminar las cookies instaladas en su equipo mediante la configuraci\u00f3n de las opciones del navegador instalado en su ordenador. Por favor, lea atentamente la secci\u00f3n de ayuda de su navegador para conocer m\u00e1s acerca de<br \/>c\u00f3mo activar el \u201cmodo privado\u201d o desbloquear determinadas cookies.<br \/><br \/>Para m\u00e1s informaci\u00f3n sobre el navegador Explorer\u00a0<a href=\"http:\/\/windows.microsoft.com\/es-es\/windows-vista\/Block-or-allow-cookies\">pulse aqu\u00ed<\/a>.<br \/><br \/>Para m\u00e1s informaci\u00f3n sobre el navegador Firefox\u00a0<a href=\"http:\/\/support.mozilla.org\/es\/kb\/habilitar-y-deshabilitar-cookies-que-los-sitios-we\">pulse aqu\u00ed<\/a>.<br \/><br \/>Para m\u00e1s informaci\u00f3n sobre navegador Opera\u00a0<a href=\"http:\/\/help.opera.com\/Windows\/11.50\/es-ES\/cookies.html\">pulse aqu\u00ed<\/a>.<br \/><br \/>Para m\u00e1s informaci\u00f3n sobre navegador Google Chrome\u00a0<a href=\"https:\/\/support.google.com\/accounts\/answer\/61416?hl=es\">pulse aqu\u00ed<\/a>.<br \/><br \/>Para m\u00e1s informaci\u00f3n sobre navegador Safari\u00a0<a href=\"http:\/\/support.apple.com\/kb\/HT1677?viewlocale=es_ES\">pulse aqu\u00ed<\/a>.<\/p><h4>Desactivaci\u00f3n o eliminaci\u00f3n de cookies pertenecientes a Google Analytics<\/h4><p>Si acepta el uso de cookies pertenecientes a Google Ananlytics podr\u00e1 desinstalarlas posteriormente mediante la configuraci\u00f3n de su navegador, tal y como se ha indicado, o instalando el complemento de inhabilitaci\u00f3n de Google Analytics:\u00a0<a href=\"https:\/\/tools.google.com\/dlpage\/gaoptout?hl=es\">https:\/\/tools.google.com\/dlpage\/gaoptout?hl=es.<\/a><\/p>\t\t\t\t\t\t\t\t<\/div>\n\t\t\t\t<\/div>\n\t\t\t\t\t<\/div>\n\t\t<\/div>\n\t\t\t\t\t<\/div>\n\t\t<\/section>\n\t\t\t\t<\/div>","protected":false},"excerpt":{"rendered":"<p>Pol\u00edtica de Cookies Uso de cookies \u00bfQu\u00e9 es una cookie? Es un fichero que se descarga en su ordenador u otro dispositivo al acceder a determinadas p\u00e1ginas web que recogen informaci\u00f3n sobre su navegaci\u00f3n en dicho sitio web. En algunos casos las cookies resultan necesarias para facilitar la navegaci\u00f3n y permiten almacenar y recuperar informaci\u00f3n&hellip;<\/p>","protected":false},"author":1,"featured_media":0,"parent":0,"menu_order":0,"comment_status":"closed","ping_status":"closed","template":"","meta":{"footnotes":""},"class_list":["post-72219","page","type-page","status-publish","hentry"],"_links":{"self":[{"href":"https:\/\/www.saetayield.com\/en\/wp-json\/wp\/v2\/pages\/72219","targetHints":{"allow":["GET"]}}],"collection":[{"href":"https:\/\/www.saetayield.com\/en\/wp-json\/wp\/v2\/pages"}],"about":[{"href":"https:\/\/www.saetayield.com\/en\/wp-json\/wp\/v2\/types\/page"}],"author":[{"embeddable":true,"href":"https:\/\/www.saetayield.com\/en\/wp-json\/wp\/v2\/users\/1"}],"replies":[{"embeddable":true,"href":"https:\/\/www.saetayield.com\/en\/wp-json\/wp\/v2\/comments?post=72219"}],"version-history":[{"count":9,"href":"https:\/\/www.saetayield.com\/en\/wp-json\/wp\/v2\/pages\/72219\/revisions"}],"predecessor-version":[{"id":75784,"href":"https:\/\/www.saetayield.com\/en\/wp-json\/wp\/v2\/pages\/72219\/revisions\/75784"}],"wp:attachment":[{"href":"https:\/\/www.saetayield.com\/en\/wp-json\/wp\/v2\/media?parent=72219"}],"curies":[{"name":"wp","href":"https:\/\/api.w.org\/{rel}","templated":true}]}}