{"id":72224,"date":"2022-05-18T16:22:25","date_gmt":"2022-05-18T14:22:25","guid":{"rendered":"https:\/\/www.saetayield.com\/?page_id=72224"},"modified":"2024-07-30T08:40:29","modified_gmt":"2024-07-30T06:40:29","slug":"politica-de-privacidad","status":"publish","type":"page","link":"https:\/\/www.saetayield.com\/en\/politica-de-privacidad\/","title":{"rendered":"Privacy Policy"},"content":{"rendered":"<div data-elementor-type=\"wp-page\" data-elementor-id=\"72224\" class=\"elementor elementor-72224\" data-elementor-post-type=\"page\">\n\t\t\t\t\t\t<section class=\"has_eae_slider elementor-section elementor-top-section elementor-element elementor-element-d7b5e3e elementor-section-boxed elementor-section-height-default elementor-section-height-default\" data-eae-slider=\"86539\" data-id=\"d7b5e3e\" data-element_type=\"section\" data-e-type=\"section\">\n\t\t\t\t\t\t<div class=\"elementor-container elementor-column-gap-default\">\n\t\t\t\t\t<div class=\"has_eae_slider elementor-column elementor-col-100 elementor-top-column elementor-element elementor-element-db72e05\" data-eae-slider=\"42216\" data-id=\"db72e05\" data-element_type=\"column\" data-e-type=\"column\">\n\t\t\t<div class=\"elementor-widget-wrap elementor-element-populated\">\n\t\t\t\t\t\t<div class=\"elementor-element elementor-element-60e614d elementor-widget elementor-widget-heading\" data-id=\"60e614d\" data-element_type=\"widget\" data-e-type=\"widget\" data-widget_type=\"heading.default\">\n\t\t\t\t<div class=\"elementor-widget-container\">\n\t\t\t\t\t<h2 class=\"elementor-heading-title elementor-size-default\">POL\u00cdTICA DE PRIVACIDAD\n<\/h2>\t\t\t\t<\/div>\n\t\t\t\t<\/div>\n\t\t\t\t\t<\/div>\n\t\t<\/div>\n\t\t\t\t\t<\/div>\n\t\t<\/section>\n\t\t\t\t<section class=\"has_eae_slider elementor-section elementor-top-section elementor-element elementor-element-b21035f elementor-section-boxed elementor-section-height-default elementor-section-height-default\" data-eae-slider=\"97429\" data-id=\"b21035f\" data-element_type=\"section\" data-e-type=\"section\">\n\t\t\t\t\t\t<div class=\"elementor-container elementor-column-gap-default\">\n\t\t\t\t\t<div class=\"has_eae_slider elementor-column elementor-col-100 elementor-top-column elementor-element elementor-element-e3eb516\" data-eae-slider=\"54565\" data-id=\"e3eb516\" data-element_type=\"column\" data-e-type=\"column\">\n\t\t\t<div class=\"elementor-widget-wrap elementor-element-populated\">\n\t\t\t\t\t\t<div class=\"elementor-element elementor-element-91f72f8 elementor-widget elementor-widget-text-editor\" data-id=\"91f72f8\" data-element_type=\"widget\" data-e-type=\"widget\" data-widget_type=\"text-editor.default\">\n\t\t\t\t<div class=\"elementor-widget-container\">\n\t\t\t\t\t\t\t\t\t<p><strong>POL\u00cdTICA DE PRIVACIDAD<\/strong><\/p><p>SAETA YIELD, S.A. (en adelante SAETA), inspirada en los fundamentos\u00a0 de licitud, transparencia y lealtad que se\u00f1ala el art\u00edculo 5 del Reglamento (UE) 2016\/679 del Parlamento Europeo y del Consejo de 27 de abril de 2016, relativo a las personas f\u00edsicas en lo que respecta al tratamiento de sus datos personales y; en su considerando 39, que se traduce en que los datos deben de ser expl\u00edcitos, leg\u00edtimos y determinados en el momento de su recogida, adecuados, pertinentes, exactos o actualizados y limitados a los fines del tratamiento, se\u00f1al\u00e1ndose un plazo de conservaci\u00f3n, establece esta pol\u00edtica de privacidad adaptada\u00a0 a los art\u00edculos 13 y 14 del referido texto legal.<\/p><p>Se hace saber al usuario que al proporcionar sus datos a SAETA a trav\u00e9s de los formularios y\/o cuestionarios con el marcado de la correspondiente casilla de\u00a0 aceptaci\u00f3n de la pol\u00edtica de privacidad de esta p\u00e1gina Web, consiente que SAETA pueda tratar sus datos para los objetivos\u00a0 que se se\u00f1alan en el apartado \u201cfinalidad del tratamiento de sus datos\u201d. En algunos casos sus datos pueden obtenerse de forma indirecta con fines meramente estad\u00edsticos mediante el uso de cookies. Para m\u00e1s informaci\u00f3n puede consultar nuestra pol\u00edtica de cookies.<\/p><p><strong>\u00a0<\/strong><\/p><p><strong>1.- Responsable del tratamiento de los datos personales<\/strong>:<\/p><p>El responsable de sus datos es la entidad mercantil: SAETA YIELD, S.A., con domicilio social en Madrid, Calle Serrano Galvache n\u00fam. 56 Edificio \u00c1lamo, planta 11 C.P. 28033. Para cualquier consulta sobre protecci\u00f3n de sus datos puede dirigirse a su domicilio social o al correo electr\u00f3nico: <a href=\"mailto:gdpr@saetayield.com\">gdpr@saetayield.com<\/a>.<\/p><p>\u00a0<\/p><p><strong>2.- Finalidades de tratamiento de sus datos personales:<\/strong><\/p><ol><li><u>A) Finalidad principal<\/u>: recibir y gestionar informaci\u00f3n que nos soliciten a trav\u00e9s de los medios puestos a disposici\u00f3n de los usuarios en esta p\u00e1gina Web. Se puede solicitar: nombre, apellidos, DNI, e-mail, tel\u00e9fono, provincia, c\u00f3digo postal.<\/li><li><u>B) Finalidades adicionales<\/u>:<\/li><\/ol><p>1.- Administraci\u00f3n y gesti\u00f3n de los usuarios de la p\u00e1gina<\/p><p>2.- Control de la p\u00e1gina Web: con el fin de prevenir y detectar cualquier utilizaci\u00f3n il\u00edcita o no responsable y\/o para cumplir con obligaciones legales y entre las que cabe destacar, la ley de servicios de la Sociedad de la Informaci\u00f3n y Comercio electr\u00f3nico y leyes civiles, penales, administrativas y de cualquier otra \u00edndole necesaria para la defensa de los derechos e intereses de SAETA ante una eventual responsabilidad demandada<\/p><p>3.- Remitir comunicaciones comerciales, por v\u00eda ordinaria (correo postal) como electr\u00f3nica (e-mail).<\/p><p>4.- Tratamiento de datos de cookies: La informaci\u00f3n sobre cookies se puede obtener pulsando el enlace \u201cpol\u00edtica de cookies\u201d.<\/p><p>Los datos personales a los que tenga acceso SAETA se tratar\u00e1n durante el tiempo necesario para la atenci\u00f3n de las finalidades objeto del tratamiento. Sin perjuicio de lo anterior se conservar\u00e1n, debidamente bloqueados, durante los plazos que legalmente procedan, particularmente el de prescripci\u00f3n de toda clase de acciones que pudieran derivarse de la relaci\u00f3n mantenida con el usuario o para atender los requerimientos de las autoridades.<\/p><p>Se hace constar que el responsable del tratamiento no realiza variaciones autom\u00e1ticas, ni obtienen perfiles ni labores de segmentaci\u00f3n en base a la informaci\u00f3n que obtiene de sus usuarios.<\/p><p>Asimismo se se\u00f1ala que los datos no se utilizar\u00e1n para ninguna otra finalidad que la referida en este apartado. Sin prejuicio de lo anterior en el caso de que se proyectase el tratamiento ulterior de los datos para fines distintos por el que se recogieron, se proporcionar\u00e1 al usuario antes de dicho tratamiento, informaci\u00f3n sobre ese otro fin\u00a0 y cualquier informaci\u00f3n adicional pertinente.<\/p><p><strong>\u00a0<\/strong><\/p><p><strong>3.- Legitimaci\u00f3n o base jur\u00eddica en la cual se basa el tratamiento<\/strong>:<\/p><p>La base jur\u00eddica de legitimaci\u00f3n del tratamiento es:<\/p><p>1.- El consentimiento prestado por el usuario al cumplimentar sus datos y con el marcado de la casilla de aceptaci\u00f3n de la pol\u00edtica de privacidad.<\/p><p>2.- El cumplimiento de obligaciones legales y entre las que cabe destacar la ley de sociedades de capital (Real Decreto Legislativo 1\/2010 de 2 de julio); la Ley de sociedades de servicio de la informaci\u00f3n y del comercio electr\u00f3nico (Ley 34\/2002 de 11 de julio) y el Reglamento Europeo de protecci\u00f3n de datos (Reglamento UE 2016\/679 del Parlamento Europeo y del Consejo de 27 de abril de 2016).<\/p><p><strong>\u00a0<\/strong><\/p><p><strong>4.- Destinatarios<\/strong>:<\/p><p>1.- Los datos se comunicar\u00e1n\u00a0 a las siguientes entidades:<\/p><p>\u2013 la entidad SAETA contrata su infraestructura virtual seg\u00fan un modelo de computaci\u00f3n en la nube a trav\u00e9s de la entidad \u201dGenetsis\u201d y al amparo del acuerdo EU-US Privacy Shield.<\/p><p>\u2013 Organismos e instituciones p\u00fablicas de la Administraci\u00f3n General del estado, Auton\u00f3micas y locales, autoridades judiciales y todas aquellas a las que est\u00e9 obligadas a facilitarlas.<\/p><p>\u2013 Responsables de servicios de anal\u00edtica Web: la p\u00e1gina tienen habilitado los siguientes reviv\u00edos de google: Google analytics y maps.google.com.<\/p><p>2.- No se establece transferencias internacionales de datos (TID).<\/p><p>\u00a0<\/p><p><strong>5.- Derechos de los interesados<\/strong>:<\/p><ol><li>A) Le informamos de su derecho a ejercer sus derechos de acceso, rectificaci\u00f3n o supresi\u00f3n, o la limitaci\u00f3n de su tratamiento, o a oponerse al mismo y a la portabilidad. Por otro lado, le advertimos de su derecho a retirar, en cualquier momento, el consentimiento prestado para tratar sus datos sin que ello afecte a la licitud del tratamiento basado en el consentimiento previo a su retirada.<\/li><\/ol><p>Finalmente le recordamos, por imperativo legal, su derecho a presentar una reclamaci\u00f3n ante la Agencia Espa\u00f1ola de Protecci\u00f3n de datos, si considera que el tratamiento de datos no es acorde con la normativa europea y pudiendo acceder a trav\u00e9s de su p\u00e1gina web: \/\/https:\/\/www.aepd.es<\/p><ol><li>B) \u00bfC\u00f3mo puede ejercer esos derechos?: Dirigi\u00e9ndose por escrito a SAETA YIELD, S.A. a la direcci\u00f3n Calle Serrano Galvache, 56. Edificio \u00c1lamo. Planta 11. 28033 Madrid, o mediante el env\u00edo de correo electr\u00f3nico a la siguiente direcci\u00f3n; <a href=\"mailto:gdpr@saetayield.com\">gdpr@saetayield.com<\/a>. Aportando copia del DNI o cualquier otro documento que le identifique. Para su comodidad la sociedad SAETA YIELD, S.A. pone a su disposici\u00f3n formularios para el ejercicio de sus derechos.<\/li><\/ol>\t\t\t\t\t\t\t\t<\/div>\n\t\t\t\t<\/div>\n\t\t\t\t\t<\/div>\n\t\t<\/div>\n\t\t\t\t\t<\/div>\n\t\t<\/section>\n\t\t\t\t<\/div>","protected":false},"excerpt":{"rendered":"<p>POL\u00cdTICA DE PRIVACIDAD POL\u00cdTICA DE PRIVACIDAD SAETA YIELD, S.A. (en adelante SAETA), inspirada en los fundamentos\u00a0 de licitud, transparencia y lealtad que se\u00f1ala el art\u00edculo 5 del Reglamento (UE) 2016\/679 del Parlamento Europeo y del Consejo de 27 de abril de 2016, relativo a las personas f\u00edsicas en lo que respecta al tratamiento de sus&hellip;<\/p>","protected":false},"author":1,"featured_media":0,"parent":0,"menu_order":0,"comment_status":"closed","ping_status":"closed","template":"","meta":{"footnotes":""},"class_list":["post-72224","page","type-page","status-publish","hentry"],"_links":{"self":[{"href":"https:\/\/www.saetayield.com\/en\/wp-json\/wp\/v2\/pages\/72224","targetHints":{"allow":["GET"]}}],"collection":[{"href":"https:\/\/www.saetayield.com\/en\/wp-json\/wp\/v2\/pages"}],"about":[{"href":"https:\/\/www.saetayield.com\/en\/wp-json\/wp\/v2\/types\/page"}],"author":[{"embeddable":true,"href":"https:\/\/www.saetayield.com\/en\/wp-json\/wp\/v2\/users\/1"}],"replies":[{"embeddable":true,"href":"https:\/\/www.saetayield.com\/en\/wp-json\/wp\/v2\/comments?post=72224"}],"version-history":[{"count":8,"href":"https:\/\/www.saetayield.com\/en\/wp-json\/wp\/v2\/pages\/72224\/revisions"}],"predecessor-version":[{"id":75783,"href":"https:\/\/www.saetayield.com\/en\/wp-json\/wp\/v2\/pages\/72224\/revisions\/75783"}],"wp:attachment":[{"href":"https:\/\/www.saetayield.com\/en\/wp-json\/wp\/v2\/media?parent=72224"}],"curies":[{"name":"wp","href":"https:\/\/api.w.org\/{rel}","templated":true}]}}