{"id":72239,"date":"2022-05-18T16:28:39","date_gmt":"2022-05-18T14:28:39","guid":{"rendered":"https:\/\/www.saetayield.com\/?page_id=72239"},"modified":"2024-07-30T08:41:39","modified_gmt":"2024-07-30T06:41:39","slug":"informacion-para-los-correos-electronicos","status":"publish","type":"page","link":"https:\/\/www.saetayield.com\/en\/informacion-para-los-correos-electronicos\/","title":{"rendered":"Information for emails"},"content":{"rendered":"<div data-elementor-type=\"wp-page\" data-elementor-id=\"72239\" class=\"elementor elementor-72239\" data-elementor-post-type=\"page\">\n\t\t\t\t\t\t<section class=\"has_eae_slider elementor-section elementor-top-section elementor-element elementor-element-01e3048 elementor-section-boxed elementor-section-height-default elementor-section-height-default\" data-eae-slider=\"51694\" data-id=\"01e3048\" data-element_type=\"section\" data-e-type=\"section\">\n\t\t\t\t\t\t<div class=\"elementor-container elementor-column-gap-default\">\n\t\t\t\t\t<div class=\"has_eae_slider elementor-column elementor-col-100 elementor-top-column elementor-element elementor-element-8ff9e53\" data-eae-slider=\"41854\" data-id=\"8ff9e53\" data-element_type=\"column\" data-e-type=\"column\">\n\t\t\t<div class=\"elementor-widget-wrap elementor-element-populated\">\n\t\t\t\t\t\t<div class=\"elementor-element elementor-element-7d370de elementor-widget elementor-widget-heading\" data-id=\"7d370de\" data-element_type=\"widget\" data-e-type=\"widget\" data-widget_type=\"heading.default\">\n\t\t\t\t<div class=\"elementor-widget-container\">\n\t\t\t\t\t<h2 class=\"elementor-heading-title elementor-size-default\">INFORMATION FOR EMAILS\n<\/h2>\t\t\t\t<\/div>\n\t\t\t\t<\/div>\n\t\t\t\t\t<\/div>\n\t\t<\/div>\n\t\t\t\t\t<\/div>\n\t\t<\/section>\n\t\t\t\t<section class=\"has_eae_slider elementor-section elementor-top-section elementor-element elementor-element-7ffa27b elementor-section-boxed elementor-section-height-default elementor-section-height-default\" data-eae-slider=\"59590\" data-id=\"7ffa27b\" data-element_type=\"section\" data-e-type=\"section\">\n\t\t\t\t\t\t<div class=\"elementor-container elementor-column-gap-default\">\n\t\t\t\t\t<div class=\"has_eae_slider elementor-column elementor-col-100 elementor-top-column elementor-element elementor-element-e2ee497\" data-eae-slider=\"8147\" data-id=\"e2ee497\" data-element_type=\"column\" data-e-type=\"column\">\n\t\t\t<div class=\"elementor-widget-wrap elementor-element-populated\">\n\t\t\t\t\t\t<div class=\"elementor-element elementor-element-ff420cc elementor-widget elementor-widget-text-editor\" data-id=\"ff420cc\" data-element_type=\"widget\" data-e-type=\"widget\" data-widget_type=\"text-editor.default\">\n\t\t\t\t<div class=\"elementor-widget-container\">\n\t\t\t\t\t\t\t\t\t<p><strong>Legal warning:<\/strong><\/p><p>En cumplimiento de lo dispuesto en el REGLAMENTO (UE) 2016\/679 DEL PARLAMENTO EUROPEO Y DEL CONSEJO de 27 de abril de 2016, le informamos que los datos de contacto utilizados para la presente comunicaci\u00f3n ser\u00e1n incluidos en un fichero titularidad de SAETA YIELD, S.A. con la finalidad de posibilitar las comunicaciones a trav\u00e9s del correo electr\u00f3nico de la misma con los distintos contactos que \u00e9sta mantiene dentro del ejercicio de su actividad. Sin perjuicio de ello; se le informa de que usted podr\u00e1 ejercitar los derechos de acceso, rectificaci\u00f3n o supresi\u00f3n, solicitar la limitaci\u00f3n de su tratamiento, oponerse al mismo, a la portabilidad de sus datos y retirar el consentimiento prestado,\u00a0 como recoge el citado reglamento, para lo cual debe dirigirse a SAETA YIELD, S.A. (GDPR), situado en Madrid, Calle Serrano Galvache, 56. Edificio \u00c1lamo. Planta 11. C.P. 28033; adjuntando fotocopia del documento acreditativo de identidad o bien por correo electr\u00f3nico a <a href=\"mailto:GDPR@saetayield.com\">GDPR<\/a>.<\/p><div>\u00a0<\/div><p>Pursuant to Law 34\/2002 of July 11 on Services of the Information Society and Electronic Mail (LSSI-CE), this message and its attachments may contain confidential information, so it is reported that its use does not authorized is prohibited by law. If you have received this message by mistake, please notify us immediately through this same channel and delete the original message along with its attached files without reading or recording it totally or partially.<\/p>\t\t\t\t\t\t\t\t<\/div>\n\t\t\t\t<\/div>\n\t\t\t\t\t<\/div>\n\t\t<\/div>\n\t\t\t\t\t<\/div>\n\t\t<\/section>\n\t\t\t\t<\/div>","protected":false},"excerpt":{"rendered":"<p>INFORMACI\u00d3N PARA LOS CORREOS ELECTR\u00d3NICOS Advertencia legal: En cumplimiento de lo dispuesto en el REGLAMENTO (UE) 2016\/679 DEL PARLAMENTO EUROPEO Y DEL CONSEJO de 27 de abril de 2016, le informamos que los datos de contacto utilizados para la presente comunicaci\u00f3n ser\u00e1n incluidos en un fichero titularidad de SAETA YIELD, S.A. con la finalidad de&hellip;<\/p>","protected":false},"author":1,"featured_media":0,"parent":0,"menu_order":0,"comment_status":"closed","ping_status":"closed","template":"","meta":{"footnotes":""},"class_list":["post-72239","page","type-page","status-publish","hentry"],"_links":{"self":[{"href":"https:\/\/www.saetayield.com\/en\/wp-json\/wp\/v2\/pages\/72239","targetHints":{"allow":["GET"]}}],"collection":[{"href":"https:\/\/www.saetayield.com\/en\/wp-json\/wp\/v2\/pages"}],"about":[{"href":"https:\/\/www.saetayield.com\/en\/wp-json\/wp\/v2\/types\/page"}],"author":[{"embeddable":true,"href":"https:\/\/www.saetayield.com\/en\/wp-json\/wp\/v2\/users\/1"}],"replies":[{"embeddable":true,"href":"https:\/\/www.saetayield.com\/en\/wp-json\/wp\/v2\/comments?post=72239"}],"version-history":[{"count":7,"href":"https:\/\/www.saetayield.com\/en\/wp-json\/wp\/v2\/pages\/72239\/revisions"}],"predecessor-version":[{"id":75644,"href":"https:\/\/www.saetayield.com\/en\/wp-json\/wp\/v2\/pages\/72239\/revisions\/75644"}],"wp:attachment":[{"href":"https:\/\/www.saetayield.com\/en\/wp-json\/wp\/v2\/media?parent=72239"}],"curies":[{"name":"wp","href":"https:\/\/api.w.org\/{rel}","templated":true}]}}