{"id":73204,"date":"2022-06-20T12:09:40","date_gmt":"2022-06-20T10:09:40","guid":{"rendered":"https:\/\/www.saetayield.com\/notificacion-al-candidato-2\/"},"modified":"2022-06-20T12:09:40","modified_gmt":"2022-06-20T10:09:40","slug":"notificacion-al-candidato-2","status":"publish","type":"page","link":"https:\/\/www.saetayield.com\/en\/notificacion-al-candidato-2\/","title":{"rendered":"NOTIFICACI\u00d3N AL CANDIDATO"},"content":{"rendered":"\t\t<div data-elementor-type=\"wp-page\" data-elementor-id=\"73204\" class=\"elementor elementor-73204\" data-elementor-post-type=\"page\">\n\t\t\t\t\t\t<section class=\"has_eae_slider elementor-section elementor-top-section elementor-element elementor-element-63f5062e elementor-section-boxed elementor-section-height-default elementor-section-height-default\" data-eae-slider=\"28679\" data-id=\"63f5062e\" data-element_type=\"section\" data-e-type=\"section\">\n\t\t\t\t\t\t<div class=\"elementor-container elementor-column-gap-default\">\n\t\t\t\t\t<div class=\"has_eae_slider elementor-column elementor-col-100 elementor-top-column elementor-element elementor-element-5763f202\" data-eae-slider=\"89038\" data-id=\"5763f202\" data-element_type=\"column\" data-e-type=\"column\">\n\t\t\t<div class=\"elementor-widget-wrap elementor-element-populated\">\n\t\t\t\t\t\t<div class=\"elementor-element elementor-element-17783b36 elementor-widget elementor-widget-heading\" data-id=\"17783b36\" data-element_type=\"widget\" data-e-type=\"widget\" data-widget_type=\"heading.default\">\n\t\t\t\t<div class=\"elementor-widget-container\">\n\t\t\t\t\t<h2 class=\"elementor-heading-title elementor-size-default\">NOTIFICACI\u00d3N AL CANDIDATO<\/h2>\t\t\t\t<\/div>\n\t\t\t\t<\/div>\n\t\t\t\t\t<\/div>\n\t\t<\/div>\n\t\t\t\t\t<\/div>\n\t\t<\/section>\n\t\t\t\t<section class=\"has_eae_slider elementor-section elementor-top-section elementor-element elementor-element-6ff7fbde elementor-section-boxed elementor-section-height-default elementor-section-height-default\" data-eae-slider=\"44968\" data-id=\"6ff7fbde\" data-element_type=\"section\" data-e-type=\"section\">\n\t\t\t\t\t\t<div class=\"elementor-container elementor-column-gap-default\">\n\t\t\t\t\t<div class=\"has_eae_slider elementor-column elementor-col-100 elementor-top-column elementor-element elementor-element-5edba1a2\" data-eae-slider=\"659\" data-id=\"5edba1a2\" data-element_type=\"column\" data-e-type=\"column\">\n\t\t\t<div class=\"elementor-widget-wrap elementor-element-populated\">\n\t\t\t\t\t\t<div class=\"elementor-element elementor-element-45d5cc6c elementor-widget elementor-widget-text-editor\" data-id=\"45d5cc6c\" data-element_type=\"widget\" data-e-type=\"widget\" data-widget_type=\"text-editor.default\">\n\t\t\t\t<div class=\"elementor-widget-container\">\n\t\t\t\t\t\t\t\t\t<ol><li><strong>INTRODUCCI\u00d3N<\/strong><\/li><\/ol><ul><li>A efectos de la Ley de Protecci\u00f3n de Datos, SAETA YIELD, S.A. act\u00faa en calidad de responsable del tratamiento respecto de sus Datos de car\u00e1cter personal. SAETA YIELD, S.A. es responsable de garantizar que utiliza sus Datos de car\u00e1cter personal de conformidad con la Ley de Protecci\u00f3n de Datos.<\/li><li>Esta Notificaci\u00f3n al candidato establece la base sobre la cual se tratar\u00e1n los Datos de car\u00e1cter personal sobre usted que proporcione a SAETA YIELD, S.A., que SAETA YIELD, S.A. cree, o que SAETA YIELD, S.A. obtenga sobre usted de otras fuentes. Le agradecer\u00edamos que leyera la informaci\u00f3n que figura a continuaci\u00f3n antes de enviar su CV y\/o su formulario de solicitud y que manifieste su consentimiento marcando la casilla de consentimiento en el apartado 3.3. a continuaci\u00f3n.<\/li><li>Se aplicar\u00e1n las definiciones siguientes en esta Notificaci\u00f3n al candidato:<\/li><\/ul><p><strong>\u201cSAETA YIELD, S.A.\u201d<\/strong>,\u00a0<strong>\u201cnosotros\u201d,<\/strong>\u00a0<strong>\u201cnuestro\u201d\u00a0<\/strong>o<strong>\u00a0\u201cnuestra\u201d<\/strong>\u00a0significa las filiales total o parcialmente participadas y empresas vinculadas a Saeta Yield, S.A.<\/p><p><strong>\u201cLey de Protecci\u00f3n de Datos\u201d<\/strong>\u00a0significa el Reglamento (UE) 2016\/679 del Parlamento Europeo y del Consejo, de 27 de abril de 2016, relativo a la protecci\u00f3n de las personas f\u00edsicas en lo que respecta al tratamiento de datos personales y a la libre circulaci\u00f3n de estos datos, as\u00ed como cualquier otra legislaci\u00f3n europea sobre protecci\u00f3n de datos vigente.<\/p><p><strong>\u201cDatos de car\u00e1cter personal\u201d<\/strong>\u00a0significa cualquier dato que haga referencia a una persona viva que pueda ser identificada a partir de esos datos o a partir de esos datos y otra informaci\u00f3n que est\u00e9 en posesi\u00f3n de SAETA YIELD, S.A., o que sea probable que SAETA YIELD, S.A. vaya a poseer (o en posesi\u00f3n de sus representantes o proveedores de servicios). Adem\u00e1s de la informaci\u00f3n objetiva, incluye cualquier expresi\u00f3n de opini\u00f3n sobre una persona y cualquier indicaci\u00f3n de las intenciones de SAETA YIELD, S.A. o de cualquier otra persona con respecto a una persona f\u00edsica.<\/p><p><strong>\u201cOrganismo regulador\u201d<\/strong>\u00a0significa cualquier organismo regulador por el que SAETA YIELD, S.A. o SAETA YIELD, S.A. est\u00e9 o llegue a estar regulada (Autoridad de control).<\/p><p><strong>\u201cUsted\u201d<\/strong>\u00a0o\u00a0<strong>\u201csuyo\u201d\u00a0<\/strong>significa personas f\u00edsicas cuyos Datos de car\u00e1cter personal tratamos con relaci\u00f3n a nuestro negocio.<\/p><p>\u00a0<\/p><ol start=\"2\"><li><strong>TIPOS DE DATOS DE CAR\u00c1CTER PERSONAL QUE RECOPILAMOS<\/strong><\/li><\/ol><ul><li>SAETA YIELD, S.A. recopilar\u00e1 y tratar\u00e1 los siguientes Datos de car\u00e1cter personal sobre usted (datos que no tienen la cualidad de datos especiales previstas en el art\u00edculo 9 del Reglamento):<\/li><li><strong>Informaci\u00f3n que usted facilite a SAETA YIELD, S.A.<\/strong>. Trataremos la informaci\u00f3n que nos facilite al enviar cualquier solicitud. Esto incluye:<\/li><li>informaci\u00f3n sobre su nombre, datos de contacto, fecha de nacimiento, estado civil, firma;<\/li><li>estado de sus capacitaciones a trabajar (incluidos pasaporte, permiso de conducir, certificado de nacimiento o de adopci\u00f3n); y<\/li><li>cualificaciones, destrezas y experiencia profesional, informaci\u00f3n sobre ingresos previos, beneficios y condiciones de empleo.<\/li><li><strong>Informaci\u00f3n que SAETA YIELD, S.A. obtenga de otras fuentes<\/strong>. Es probable que esto incluya informaci\u00f3n sobre usted, como, por ejemplo:<\/li><li>Informaci\u00f3n sobre su idoneidad para trabajar con nosotros, su rendimiento pasado en el trabajo, su car\u00e1cter, informaci\u00f3n sobre su adecuaci\u00f3n al trabajo, verificaci\u00f3n de la informaci\u00f3n que nos facilite como parte de su solicitud y, si en la medida en que lo permita la ley, cualquier historial relativo a antecedentes penales, de referencias de terceros que usted facilite, de sus empleadores anteriores y\/o actuales, opiniones de terceros sobre usted.<\/li><\/ul><p>\u00a0<\/p><ol start=\"3\"><li><strong>C\u00d3MO UTILIZAMOS SU INFORMACI\u00d3N<\/strong><\/li><\/ol><ul><li>Puede que SAETA YIELD, S.A. almacene y trate sus Datos de car\u00e1cter personal de las siguientes formas y a los efectos siguientes:<\/li><li>para realizar comprobaciones previas al empleo y valorar su solicitud de trabajo (incluidas, en algunos casos, la verificaci\u00f3n de la informaci\u00f3n que facilite y la garant\u00eda de su idoneidad con respecto al puesto que ha solicitado);<\/li><li>si se descarta su solicitud, podemos mantener el registro de su informaci\u00f3n para notificarle sobre puestos de trabajo vacantes pertinentes con SAETA YIELD, S.A. que puedan ser de su inter\u00e9s en el futuro;<\/li><li>cumplimiento con cualquier obligaci\u00f3n legal o reguladora de la que SAETA YIELD, S.A. sea objeto (incluido el cumplimiento con cualquier petici\u00f3n de las autoridades reguladoras u otras autoridades p\u00fablicas pertinentes);<\/li><li>para realizar y administrar la gesti\u00f3n del negocio de SAETA YIELD, S.A.;<\/li><li>a efectos de informaci\u00f3n legal y de supervisi\u00f3n de diversidad; y<\/li><li>a efectos de prevenci\u00f3n y detecci\u00f3n de un delito o fraude, sujeto a la legislaci\u00f3n local.<\/li><li>SAETA YIELD, S.A. tiene derecho a utilizar sus Datos de car\u00e1cter personal de estas formas por las siguientes razones:<\/li><li>necesitamos hacerlo para considerarle a usted de cara al puesto que solicite en SAETA YIELD, S.A.;<\/li><li>tenemos obligaciones reguladoras y legales que debemos cumplir;<\/li><li>es necesario para nuestros intereses leg\u00edtimos comerciales, como asegurar que hemos realizado las comprobaciones adecuadas de las cualificaciones, la formaci\u00f3n acad\u00e9mica y la experiencia que el candidato nos ha comunicado que posee; o<\/li><li>el uso de sus Datos de car\u00e1cter personal seg\u00fan lo descrito es necesario para sus intereses leg\u00edtimos comerciales (o los intereses leg\u00edtimos de SAETA YIELD, S.A.), como, por ejemplo:<\/li><li>permitir que SAETA YIELD, S.A. administre y gestione de forma efectiva y eficiente el funcionamiento del negocio de SAETA YIELD, S.A.;<\/li><li>asegurar un enfoque consistente para la gesti\u00f3n de los empleados de SAETA YIELD, S.A.; o<\/li><li>mantener el cumplimiento con respecto a los procedimientos y las pol\u00edticas internas.<\/li><\/ul><p>\u00a0<\/p><p>Adem\u00e1s de lo anterior, nos reservamos el derecho de recopilar, tratar y difundir cualquier estad\u00edstica basada en una suma de datos que tengamos, siempre que no se identifique a ninguna persona del an\u00e1lisis resultante y la recopilaci\u00f3n, el tratamiento y la difusi\u00f3n de dicha informaci\u00f3n est\u00e9n permitidos por ley.<\/p><p>En determinadas circunstancias, no facilitar los datos solicitados puede afectar a nuestra capacidad para cumplir con las finalidades anteriores.<\/p><ul><li>\u00bfQu\u00e9 haremos con los \u201cDatos personales sensibles\u201d?<\/li><\/ul><p>Determinados formularios de Datos personales sensibles son objeto de una restricci\u00f3n o protecci\u00f3n espec\u00edfica por ley en determinados territorios, incluida la UE. A estos efectos, los \u201cDatos personales sensibles\u201d hacen referencia a: origen \u00e9tnico o racial; procedimiento o actividad penal en algunos pa\u00edses; opiniones pol\u00edticas; creencias filos\u00f3ficas y religiosas; afiliaci\u00f3n a sindicatos; datos gen\u00e9ticos, datos biom\u00e9tricos, datos relativos a la salud o a la vida sexual o a la orientaci\u00f3n sexual. No trataremos sus Datos personales sensibles a menos que dicho tratamiento sea conforme a las leyes de protecci\u00f3n de datos. Si se tratasen datos sensibles, se llevar\u00eda a cabo un registro de actividades de tratamiento donde se incluyan tales datos, y una evaluaci\u00f3n de impacto del riesgo, de conformidad con lo que dispone al art\u00edculo 30 y 35 del Reglamento. Sin perjuicio de la conveniencia del nombramiento de un Delegado de Protecci\u00f3n de Datos (DPO), no ser\u00eda preceptiva dicha figura dado que el tratamiento de los mismos no puede tener la consideraci\u00f3n de \u201cGran escala de categor\u00edas especiales de datos\u201d ni relativos a \u201ccondenas e infracciones penales\u201d referidas en el art\u00edculo 37 del mismo texto legal. Los fundamentos m\u00e1s pertinentes en virtud de las leyes de protecci\u00f3n de datos conforme a los cuales trataremos sus Datos personales sensibles son los siguientes:<\/p><p>\u00a0<\/p><ul><li>que nos haya proporcionado su consentimiento expreso para el tratamiento de sus Datos personales sensibles con el fin de una comprobaci\u00f3n de antecedentes; o<\/li><li>el tratamiento es necesario para llevar a cabo nuestras obligaciones y derechos espec\u00edficos en materia de derecho laboral, la legislaci\u00f3n sobre protecci\u00f3n social o seguridad social (incluidas las obligaciones relativas a la salud y a la seguridad, as\u00ed como a la discriminaci\u00f3n por discapacidad, la salud en el trabajo, las bajas por enfermedad, las bajas por maternidad, las bajas por emergencia familiar, las bajas por paternidad, la excedencia parental o la legalidad del personal que trabaja en una jurisdicci\u00f3n en concreto, que implicar\u00e1 el tratamiento de los datos con relaci\u00f3n a la nacionalidad, los visados y permisos de trabajo, la supervisi\u00f3n de la igualdad de trato u oportunidades por motivos de etnia o raza, con relaci\u00f3n a los beneficios sociales entre los que se encuentran el de seguro de vida, seguro de salud permanente, seguro m\u00e9dico privado o pensi\u00f3n, medidas disciplinarias e investigaci\u00f3n [en caso necesario]); o<\/li><li>el tratamiento es necesario a efectos de cualquier procedimiento legal futuro o real, o con relaci\u00f3n al mismo, a efectos de la obtenci\u00f3n de asesoramiento jur\u00eddico o de otro modo a efectos de establecer, ejercer o defender los derechos legales objeto de la legislaci\u00f3n local vigente o cuando los tribunales act\u00faen en su capacidad judicial; o<\/li><li>el tratamiento es necesario para medicina preventiva o laboral; o<\/li><li>de cualquier otro modo seg\u00fan se determine por ley; y<\/li><li>en cada caso, cumpliremos con cualquier requisito legal local adicional y haremos cumplir cualquier deber vigente de confidencialidad con firmeza, por ejemplo, con relaci\u00f3n al acceso a los registros de salud.<\/li><\/ul><p>\u00a0<\/p><ol start=\"4\"><li><strong>DIVULGACI\u00d3N DE SU INFORMACI\u00d3N A TERCEROS<\/strong><\/li><\/ol><ul><li>SAETA YIELD, S.A. puede divulgar sus Datos de car\u00e1cter personal a una o m\u00e1s de sus filiales total o parcialmente participadas o a sus empresas vinculadas en las circunstancias que se destacan a continuaci\u00f3n:<\/li><li>la gesti\u00f3n y la administraci\u00f3n del negocio de SAETA YIELD, S.A.; y<\/li><li>cumplimiento con la legislaci\u00f3n, las normas y la normativa aplicables, as\u00ed como las pol\u00edticas internas y procedimientos de SAETA YIELD, S.A. (incluida la informaci\u00f3n legal y divulgaciones a las autoridades reguladoras).<\/li><li>SAETA YIELD, S.A. tambi\u00e9n puede compartir su Datos de car\u00e1cter personal fuera de SAETA YIELD, S.A. por los siguientes motivos:<\/li><li>con terceros agentes, proveedores de servicios y contratistas con el fin de proporcionarnos servicios (por ejemplo, asesores profesionales, proveedores de sistemas de RR.HH. de SAETA YIELD, S.A. y proveedores de comunicaciones y TI). Dichos terceros ser\u00e1n objeto de las exigencias de confidencialidad y solo utilizar\u00e1n sus Datos de car\u00e1cter personal seg\u00fan lo descrito en el apartado 3;<\/li><li>en la medida requerida por la ley, por ejemplo, si SAETA YIELD, S.A. se halla en el deber de divulgar sus Datos de car\u00e1cter personal para cumplir con cualquier obligaci\u00f3n legal o para establecer, ejercer o defender sus derechos legales. Esto puede incluir la divulgaci\u00f3n a organismos reguladores (incluidas las autoridades fiscales, los organismos de cumplimiento de la ley y los reguladores financieros); y<\/li><li>con el fin de evaluar su solicitud y verificar la informaci\u00f3n que ha facilitado.<\/li><\/ul><p>\u00a0<\/p><ol start=\"5\"><li><strong>TRANSFERENCIAS DE DATOS DE CAR\u00c1CTER PERSONAL FUERA DEL ESPACIO ECON\u00d3MICO EUROPEO<\/strong><\/li><\/ol><ul><li>Este puede ser el caso si:<\/li><\/ul><ol><li>su agencia de empleo se halla dentro de la UE;<\/li><li>va a ser un consejero; o<\/li><\/ol><ul><li>va a ser un signatario de una cuenta bancaria de SAETA YIELD, S.A..<\/li><li>SAETA YIELD, S.A. transferir\u00e1 sus Datos de car\u00e1cter personal a otras oficinas que pueda tener o a los contratistas y agentes de SAETA YIELD, S.A. fuera del Espacio Econ\u00f3mico Europeo (\u201c<strong>EEE<\/strong>\u201d).<\/li><li>Si SAETA YIELD, S.A. transfiere sus Datos de car\u00e1cter personal fuera del EEE, garantizar\u00e1 que est\u00e9n protegidos de una manera que sea consistente con c\u00f3mo SAETA YIELD, S.A. protege sus Datos de car\u00e1cter personal en el EEE. Esto puede realizarse de una serie de formas, por ejemplo:<\/li><li>el pa\u00eds al que SAETA YIELD, S.A. env\u00eda los datos podr\u00eda estar aprobado por la Comisi\u00f3n Europea como que ofrece un nivel adecuado de protecci\u00f3n para los Datos de car\u00e1cter personal;<\/li><li>el destinatario puede haber firmado un contrato basado en \u201ccl\u00e1usulas contractuales modelo\u201d aprobadas por la Comisi\u00f3n Europea, oblig\u00e1ndoles a proteger sus Datos de car\u00e1cter personal; o<\/li><li>si el destinatario radica en EE. UU. puede que sea un miembro certificado del acuerdo de transferencia de datos Privacy Shield o Escudo de Privacidad UE-EE.UU.<\/li><li>En otras circunstancias la ley puede permitir que SAETA YIELD, S.A. transfiera de otro modo sus Datos de car\u00e1cter personal fuera del EEE. En todos los casos, SAETA YIELD, S.A. garantizar\u00e1 que cualquier transferencia de sus Datos de car\u00e1cter personal cumple con la legislaci\u00f3n de protecci\u00f3n de datos.<\/li><li>Puede obtener m\u00e1s informaci\u00f3n sobre la protecci\u00f3n de sus Datos de car\u00e1cter personal cuando se transfieran fuera del EEE (incluida una copia de las cl\u00e1usulas de protecci\u00f3n de datos est\u00e1ndar que SAETA YIELD, S.A. ha suscrito con los destinatarios de sus Datos de car\u00e1cter personal) poni\u00e9ndose en contacto con SAETA YIELD, S.A. seg\u00fan lo descrito en el apartado 8 a continuaci\u00f3n.<\/li><\/ul><p>\u00a0<\/p><ol start=\"6\"><li><strong>CONSERVACI\u00d3N DE LOS DATOS DE CAR\u00c1CTER PERSONAL<\/strong><\/li><\/ol><ul><li>El tiempo que SAETA YIELD, S.A. conserve sus Datos de car\u00e1cter personal variar\u00e1 y se determinar\u00e1 en funci\u00f3n de los criterios siguientes:<\/li><li>el fin para el cual SAETA YIELD, S.A. los est\u00e9 usando, SAETA YIELD, S.A. necesitar\u00e1 conservar los datos tanto tiempo como sea necesario para dicho fin; y<\/li><li>obligaciones legales, las leyes y la normativa pueden establecer un periodo m\u00ednimo durante el cual SAETA YIELD, S.A. tiene que conservar sus Datos de car\u00e1cter personal.<\/li><\/ul><p>\u00a0<\/p><ol start=\"7\"><li><strong>SUS DERECHOS<\/strong><\/li><\/ol><p>\u00a0<\/p><ul><li>En el apartado 5 anterior puede encontrar informaci\u00f3n adicional de las circunstancias en las que ser\u00eda el caso.<\/li><li>Dispone de una serie de derechos legales con relaci\u00f3n a sus Datos de car\u00e1cter personal que SAETA YIELD, S.A. posee sobre usted. Entre los derechos se incluye:<\/li><li>el derecho a obtener informaci\u00f3n sobre el tratamiento de sus Datos de car\u00e1cter personal y el acceso a los Datos de car\u00e1cter personal que SAETA YIELD, S.A. posee sobre usted;<\/li><li>el derecho a retirar su consentimiento para el tratamiento de sus Datos de car\u00e1cter personal en cualquier momento. Sin embargo, tenga en cuenta que SAETA YIELD, S.A. a\u00fan puede tener derecho a tratar sus Datos de car\u00e1cter personal si tiene otro motivo leg\u00edtimo (que no sea el consentimiento) para hacerlo;<\/li><li>en algunas circunstancias, el derecho a recibir algunos Datos de car\u00e1cter personal en un formato estructurado, com\u00fanmente utilizado y legible mec\u00e1nicamente, y\/o solicitar que SAETA YIELD, S.A. transmita esos datos a un tercero (Derecho a la portabilidad de los datos) cuando esto sea t\u00e9cnicamente factible. Tenga en cuenta que este derecho solo es de aplicaci\u00f3n a los Datos de car\u00e1cter personal que ha facilitado a SAETA YIELD, S.A.;<\/li><li>el derecho de solicitar que SAETA YIELD, S.A. rectifique sus Datos de car\u00e1cter personal si son inexactos o incompletos;<\/li><li>el derecho a solicitar que SAETA YIELD, S.A. suprima sus Datos de car\u00e1cter personal en determinadas circunstancias. Tenga en cuenta que pueden existir circunstancias en las que le pida a SAETA YIELD, S.A. que suprima sus Datos de car\u00e1cter personal y que SAETA YIELD, S.A. pueda conservarlos de forma legal;<\/li><li>el derecho a solicitar que SAETA YIELD, S.A. restrinja el tratamiento de sus Datos de car\u00e1cter personal en determinadas circunstancias. De nuevo, pueden existir circunstancias en las que le pida a SAETA YIELD, S.A. que restrinja sus Datos de car\u00e1cter personal y que SAETA YIELD, S.A. pueda rechazar dicha petici\u00f3n de manera legal;<\/li><li>si bien, en el eventual caso de brechas de seguridad en el tratamiento de sus datos, no supondr\u00eda un alto riesgo para sus derechos y libertades; sin perjuicio de ello, si as\u00ed fuera, tiene derecho a que el responsable del tratamiento se lo comunique sin dilaci\u00f3n indebida; y<\/li><li>el derecho a presentar una reclamaci\u00f3n ante el regulador de protecci\u00f3n de datos (cuya informaci\u00f3n se facilita a continuaci\u00f3n) si cree que SAETA YIELD, S.A. ha infringido alguno de sus derechos.<\/li><li>Puede ejercer sus derechos poni\u00e9ndose en contacto con SAETA YIELD, S.A. a trav\u00e9s de la informaci\u00f3n establecida en el apartado 8 a continuaci\u00f3n.<\/li><li>Puede obtener m\u00e1s informaci\u00f3n sobre sus derechos poni\u00e9ndose en contacto con los siguientes Organismos reguladores:<\/li><li><strong>Espa\u00f1a:\u00a0<\/strong>AEPD \u2013\u00a0<em>Agencia Espa\u00f1ola de Protecci\u00f3n de Datos<\/em>; p\u00e1gina web:\u00a0<u>https:\/\/www.aepd.es<\/u><\/li><li><strong>Portugal<\/strong>: CNPD \u2013\u00a0<em>Comiss\u00e3o Nacional de Protec\u00e7\u00e3o de Dados<\/em>; p\u00e1gina web:<u>\u00a0https:\/\/<\/u><a href=\"http:\/\/www.cnpd.pt\/\">cnpd.pt<\/a><\/li><li><strong>Uruguay:\u00a0<\/strong>AGESIC \u2013\u00a0<em>Agencia de Gobierno electr\u00f3nico y Sociedad de la Informaci\u00f3n y del Conocimiento<\/em>; p\u00e1gina web:\u00a0<a href=\"https:\/\/www.agesic.gub.uy\/\"><u>https:\/\/www.agesic.gub.uy\/<\/u><\/a><\/li><\/ul><p><strong>\u00a0<\/strong><\/p><ol start=\"8\"><li><strong>PREGUNTAS Y DUDAS<\/strong><\/li><\/ol><ul><li>Si tiene alguna pregunta o duda sobre la gesti\u00f3n de SAETA YIELD, S.A. de sus Datos de car\u00e1cter personal o sobre esta Pol\u00edtica, p\u00f3ngase en contacto con\u00a0<a href=\"mailto:privacyeurope@brookfieldrenewable.com.\">GDPR@saetayield.com.<\/a>\u00a0Si no est\u00e1 satisfecho con la forma en que hemos gestionado su pregunta, puede ponerse en contacto con la autoridad reguladora pertinente, cuya informaci\u00f3n se facilita en el apartado 7 anterior.<\/li><\/ul><p>\u00a0<\/p><p>\u00a0<\/p><p><em>\u00daltima actualizaci\u00f3n del documento: septiembre de 2018<\/em><\/p>\t\t\t\t\t\t\t\t<\/div>\n\t\t\t\t<\/div>\n\t\t\t\t\t<\/div>\n\t\t<\/div>\n\t\t\t\t\t<\/div>\n\t\t<\/section>\n\t\t\t\t<\/div>\n\t\t","protected":false},"excerpt":{"rendered":"<p>NOTIFICACI\u00d3N AL CANDIDATO INTRODUCCI\u00d3N A efectos de la Ley de Protecci\u00f3n de Datos, SAETA YIELD, S.A. act\u00faa en calidad de responsable del tratamiento respecto de sus Datos de car\u00e1cter personal. SAETA YIELD, S.A. es responsable de garantizar que utiliza sus Datos de car\u00e1cter personal de conformidad con la Ley de Protecci\u00f3n de Datos. Esta Notificaci\u00f3n&hellip;<\/p>","protected":false},"author":1,"featured_media":0,"parent":0,"menu_order":0,"comment_status":"closed","ping_status":"closed","template":"","meta":{"footnotes":""},"class_list":["post-73204","page","type-page","status-publish","hentry"],"_links":{"self":[{"href":"https:\/\/www.saetayield.com\/en\/wp-json\/wp\/v2\/pages\/73204","targetHints":{"allow":["GET"]}}],"collection":[{"href":"https:\/\/www.saetayield.com\/en\/wp-json\/wp\/v2\/pages"}],"about":[{"href":"https:\/\/www.saetayield.com\/en\/wp-json\/wp\/v2\/types\/page"}],"author":[{"embeddable":true,"href":"https:\/\/www.saetayield.com\/en\/wp-json\/wp\/v2\/users\/1"}],"replies":[{"embeddable":true,"href":"https:\/\/www.saetayield.com\/en\/wp-json\/wp\/v2\/comments?post=73204"}],"version-history":[{"count":2,"href":"https:\/\/www.saetayield.com\/en\/wp-json\/wp\/v2\/pages\/73204\/revisions"}],"predecessor-version":[{"id":73206,"href":"https:\/\/www.saetayield.com\/en\/wp-json\/wp\/v2\/pages\/73204\/revisions\/73206"}],"wp:attachment":[{"href":"https:\/\/www.saetayield.com\/en\/wp-json\/wp\/v2\/media?parent=73204"}],"curies":[{"name":"wp","href":"https:\/\/api.w.org\/{rel}","templated":true}]}}