{"id":73214,"date":"2022-06-20T12:09:41","date_gmt":"2022-06-20T10:09:41","guid":{"rendered":"https:\/\/www.saetayield.com\/aviso-legal-2\/"},"modified":"2022-06-20T12:09:41","modified_gmt":"2022-06-20T10:09:41","slug":"aviso-legal-2","status":"publish","type":"page","link":"https:\/\/www.saetayield.com\/en\/aviso-legal-2\/","title":{"rendered":"Legal warning"},"content":{"rendered":"<div data-elementor-type=\"wp-page\" data-elementor-id=\"73214\" class=\"elementor elementor-73214\" data-elementor-post-type=\"page\">\n\t\t\t\t\t\t<section class=\"has_eae_slider elementor-section elementor-top-section elementor-element elementor-element-b47bcd7 elementor-section-boxed elementor-section-height-default elementor-section-height-default\" data-eae-slider=\"6631\" data-id=\"b47bcd7\" data-element_type=\"section\" data-e-type=\"section\">\n\t\t\t\t\t\t<div class=\"elementor-container elementor-column-gap-default\">\n\t\t\t\t\t<div class=\"has_eae_slider elementor-column elementor-col-100 elementor-top-column elementor-element elementor-element-3a8ac4a\" data-eae-slider=\"42155\" data-id=\"3a8ac4a\" data-element_type=\"column\" data-e-type=\"column\">\n\t\t\t<div class=\"elementor-widget-wrap elementor-element-populated\">\n\t\t\t\t\t\t<div class=\"elementor-element elementor-element-6f058dbf elementor-widget elementor-widget-heading\" data-id=\"6f058dbf\" data-element_type=\"widget\" data-e-type=\"widget\" data-widget_type=\"heading.default\">\n\t\t\t\t<div class=\"elementor-widget-container\">\n\t\t\t\t\t<h2 class=\"elementor-heading-title elementor-size-default\">AVISO LEGAL\n<\/h2>\t\t\t\t<\/div>\n\t\t\t\t<\/div>\n\t\t\t\t\t<\/div>\n\t\t<\/div>\n\t\t\t\t\t<\/div>\n\t\t<\/section>\n\t\t\t\t<section class=\"has_eae_slider elementor-section elementor-top-section elementor-element elementor-element-6b060803 elementor-section-boxed elementor-section-height-default elementor-section-height-default\" data-eae-slider=\"80901\" data-id=\"6b060803\" data-element_type=\"section\" data-e-type=\"section\">\n\t\t\t\t\t\t<div class=\"elementor-container elementor-column-gap-default\">\n\t\t\t\t\t<div class=\"has_eae_slider elementor-column elementor-col-100 elementor-top-column elementor-element elementor-element-746b3983\" data-eae-slider=\"40862\" data-id=\"746b3983\" data-element_type=\"column\" data-e-type=\"column\">\n\t\t\t<div class=\"elementor-widget-wrap elementor-element-populated\">\n\t\t\t\t\t\t<div class=\"elementor-element elementor-element-1ad17bc4 elementor-widget elementor-widget-text-editor\" data-id=\"1ad17bc4\" data-element_type=\"widget\" data-e-type=\"widget\" data-widget_type=\"text-editor.default\">\n\t\t\t\t<div class=\"elementor-widget-container\">\n\t\t\t\t\t\t\t\t\t<div class=\"page-wrapper\"><div id=\"content-container\" class=\"content-boxed layout-full\"><div id=\"full-width\" class=\"content\"><div class=\"content-box\"><h3><strong>SAETA YIELD, S.A.<\/strong><\/h3><p>SAETA YIELD, S.A. ofrece el acceso al sitio web\u00a0<a href=\"http:\/\/www.saetayield.com\/\">www.saetayield.com<\/a>\u00a0en las condiciones de uso que se describen a continuaci\u00f3n:<\/p><p><strong>Acceso y usuarios<\/strong><\/p><p>El acceso al sitio web\u00a0<a href=\"http:\/\/www.saetayield.com\/\">www.saetayield.com<\/a>\u00a0atribuye a quien lo realiza la condici\u00f3n de USUARIO, y expresa la aceptaci\u00f3n plena y sin reservas por parte del USUARIO de todas y cada una de las presentes CONDICIONES DE USO.<\/p><p>La prestaci\u00f3n del servicio del sitio web tiene car\u00e1cter gratuito. Ello no obstante, SAETA YIELD, S.A. se reserva la posibilidad de condicionar el acceso determinados servicios puntuales al previo registro del USUARIO accionista o inversor mediante la cumplimentaci\u00f3n del oportuno Formulario de Alta de Usuario, que se encontrar\u00e1, en su caso, a disposici\u00f3n de quien desee registrarse como USUARIO REGISTRADO.<\/p><p>Cuando sea necesario que el USUARIO se registre como USUARIO REGISTRADO o aporte datos personales para poder acceder a alguno de los servicios espec\u00edficos, a la recogida y tratamiento de los datos personales de los USUARIOS le ser\u00e1 de aplicaci\u00f3n lo dispuesto en el ep\u00edgrafe sobre Seguridad y Protecci\u00f3n de datos de car\u00e1cter personal.<\/p><p>El usuario se compromete a utilizar el sitio Web y sus servicios y contenidos sin contravenir la legislaci\u00f3n vigente, la buena fe, los usos generalmente aceptados y el orden p\u00fablico.<\/p><p>As\u00ed mismo, queda prohibido, el uso de la Web con fines il\u00edcitos o lesivos contra SAETA YIELD, S.A. cualquiera de las sociedades de su Grupo o cualquier tercero, que, de cualquier forma, puedan causar perjuicio o impedir el normal funcionamiento del sitio Web.<\/p><p><strong>Enlaces<\/strong><\/p><p>La p\u00e1gina web\u00a0<a href=\"http:\/\/www.saetayield.com\/\">www.saetayield.com<\/a>\u00a0proporciona enlaces a otros sitios web o contenidos que son propiedad de terceros. El \u00fanico objeto de los enlaces es proporcionar al USUARIO la posibilidad de complementar la informaci\u00f3n a trav\u00e9s de dichos enlaces. SAETA YIELD, S.A. no se responsabiliza en ning\u00fan caso de los resultados que puedan derivarse al USUARIO por acceso a dichos enlaces.<\/p><p>El USUARIO, y en general cualquier persona f\u00edsica o jur\u00eddica que se proponga establecer cualquier dispositivo t\u00e9cnico de enlace desde su sitio web al sitio web de SAETA YIELD, S.A., deber\u00e1 obtener autorizaci\u00f3n previa y por escrito de SAETA YIELD, S.A. El establecimiento del enlace no implica en ning\u00fan caso la existencia de relaciones entre SAETA YIELD, S.A. y el propietario del sitio en el que se establezca el enlace, ni la aceptaci\u00f3n o aprobaci\u00f3n por parte de SAETA YIELD, S.A. de sus contenidos o servicios.<\/p><p>El establecimiento de cualquier \u201chiperenlace\u201d entre una p\u00e1gina web y cualquiera de las p\u00e1ginas web del sitio Web de SAETA YIELD, S.A. estar\u00e1 sometido a las siguientes condiciones:<\/p><ul><li>No se permite la reproducci\u00f3n ni total ni parcial de ninguno de los servicios ni contenidos del sitio Web de SAETA YIELD, S.A.<\/li><li>No se establecer\u00e1n deep-links con las p\u00e1ginas web del sitio Web ni de sus servicios ni se crear\u00e1 un browser o un border enviroment sobre las mismas.<\/li><li>La p\u00e1gina web en la que se establezca el hiperenlace no contendr\u00e1 ninguna marca, nombre comercial, r\u00f3tulo de establecimiento, denominaci\u00f3n, logotipo, eslogan u otros signos distintivos pertenecientes a SAETA YIELD, S.A. o cualquiera de las sociedades de su Grupo.<\/li><li>Bajo ninguna circunstancia, SAETA YIELD, S.A. ser\u00e1 responsable de los contenidos o servicios puestos a disposici\u00f3n del p\u00fablico en la p\u00e1gina web desde la que se realice el \u201chiperenlace\u201d ni de las informaciones y manifestaciones incluidas en las mismas.<\/li><\/ul><p><strong>Modificaciones<\/strong><\/p><p>SAETA YIELD, S.A., con el fin de mejorar las prestaciones del sitio web, se reserva el derecho a modificar, ampliar o suspender temporalmente la presentaci\u00f3n, configuraci\u00f3n, especificaciones t\u00e9cnicas, contenidos y servicios del sitio web, en cualquier momento de forma unilateral y sin previa notificaci\u00f3n al USUARIO.<\/p><p>Asimismo, se reserva el derecho a modificar en cualquier momento las presentes condiciones de uso, as\u00ed como cualesquiera otras condiciones particulares contenidas en el sitio web\u00a0<a href=\"http:\/\/www.saetayield.com\/\">www.saetayield.com<\/a><\/p><p><strong>Propiedad intelectual e industrial<\/strong><\/p><p>Los derechos de propiedad intelectual del contenido, dise\u00f1o y c\u00f3digo fuente de la p\u00e1gina web\u00a0<a href=\"http:\/\/www.saetayield.com\/\">www.saetayield.com<\/a>, incluyendo a t\u00edtulo enunciativo pero no limitativo su programaci\u00f3n, edici\u00f3n, compilaci\u00f3n, presentaci\u00f3n y ordenaci\u00f3n de contenidos, im\u00e1genes, fotograf\u00edas, dise\u00f1os, logotipos, texto y\/o gr\u00e1ficos, marcas, nombres comerciales y otros datos que se incluyen en la web son propiedad de SAETA YIELD, S.A. y las sociedades de su Grupo o, en cualquier caso, dispone de la correspondiente autorizaci\u00f3n para la utilizaci\u00f3n de dichos elementos, encontr\u00e1ndose protegidos por la normativa nacional e internacional sobre propiedad intelectual e industrial. El acceso por parte del usuario al sitio web no le otorga ning\u00fan derecho de propiedad sobre los mismos.<\/p><p>Asimismo queda totalmente prohibida la copia, reproducci\u00f3n, adaptaci\u00f3n, modificaci\u00f3n o transformaci\u00f3n, distribuci\u00f3n, comercializaci\u00f3n, comunicaci\u00f3n p\u00fablica y\/o cualquier otra acci\u00f3n que comporte una infracci\u00f3n de la normativa vigente espa\u00f1ola y\/o internacionales en materia de propiedad intelectual y\/ o industrial, as\u00ed como el uso de los contenidos del sitio web, si no es con la previa autorizaci\u00f3n expresa y por escrito de SAETA YIELD, S.A.<\/p><p>Igualmente, todos los nombres comerciales, marcas o signos de cualquier clase contenidos en la p\u00e1gina web est\u00e1n protegidos por la ley de marcas 17\/2001, del 7 de diciembre y dem\u00e1s legislaci\u00f3n comunitaria e internacional.<\/p><p>El usuario, deber\u00e1 utilizar los contenidos e informaciones recogidos en la p\u00e1gina web\u00a0<a href=\"http:\/\/www.saetayield.com\/\">www.saetayield.com<\/a>\u00a0de forma diligente, correcta y l\u00edcita, y en concreto, \u00fanicamente para uso personal y no comercial, siempre y cuando, no se elimine o modifique el contenido, respetando su forma original.<\/p><p><strong>Exclusi\u00f3n de garant\u00edas y responsabilidades<\/strong><\/p><p>SAETA YIELD, S.A. no otorga ninguna garant\u00eda ni se hace responsable, en ning\u00fan caso, de los da\u00f1os y perjuicios de cualquier naturaleza que pudieran traer causa de:<\/p><ul><li>La falta disponibilidad, mantenimiento y efectivo funcionamiento del Web y\/o de sus servicios o contenidos.<\/li><li>La falta de utilidad, adecuaci\u00f3n o validez del Web y\/o de sus servicios o contenidos para satisfacer necesidades, actividades o resultados concretos o expectativas de los usuarios.<\/li><li>La existencia de virus, programas maliciosos o lesivos en los contenidos.<\/li><li>La recepci\u00f3n, obtenci\u00f3n, almacenamiento, difusi\u00f3n o transmisi\u00f3n, por parte de los usuarios, de los contenidos.<\/li><li>El uso il\u00edcito, negligente, fraudulento, contrario a las presentes Condiciones Generales, a la buena fe, a los usos generalmente aceptados o al orden p\u00fablico, del sitio Web, sus servicios o contenidos, por parte de los usuarios.<\/li><li>La falta de licitud, calidad, fiabilidad, utilidad y disponibilidad de los servicios prestados por terceros y puestos a disposici\u00f3n de los usuarios en el sitio Web.<\/li><li>El incumplimiento por parte de terceros de sus obligaciones o compromisos en relaci\u00f3n con los servicios prestados a los usuarios a trav\u00e9s del sitio Web.<\/li><\/ul><p><strong>Duraci\u00f3n<\/strong><\/p><p>La duraci\u00f3n de la prestaci\u00f3n del servicio del sitio Web y de los servicios es de car\u00e1cter indefinido.<\/p><p>Sin perjuicio de lo anterior, SAETA YIELD, S.A. se reserva el derecho de interrumpir, suspender o terminar la prestaci\u00f3n del servicio del Web o de cualquiera de los servicios que lo integran.<\/p><p><strong>Traducci\u00f3n al ingl\u00e9s<\/strong><\/p><p>Toda la informaci\u00f3n y documentaci\u00f3n disponible en ingl\u00e9s de la presente p\u00e1gina web se proporciona \u00fanicamente a efectos informativos. En caso de discrepancia entre el contenido de la versi\u00f3n en ingl\u00e9s y el de la versi\u00f3n original en espa\u00f1ol prevalecer\u00e1 el de esta \u00faltima.<\/p><p><strong>Jurisdicci\u00f3n y legislaci\u00f3n aplicable<\/strong><\/p><p>Las presentes Condiciones de Uso se regir\u00e1n por lo dispuesto en la legislaci\u00f3n espa\u00f1ola.<\/p><p>SAETA YIELD, S.A. y el usuario, con renuncia expresa a cualquier otro fuero que pudiera corresponderles, se someten a la Jurisdicci\u00f3n de los Juzgados y Tribunales del domicilio del usuario para cuantas cuestiones pudieran suscitarse o acciones ejercitarse derivadas de la prestaci\u00f3n del servicio del Web y de sus servicios y contenidos y sobre la interpretaci\u00f3n, aplicaci\u00f3n, cumplimiento o incumplimiento de lo aqu\u00ed establecido. En el supuesto de que el Usuario tenga su domicilio fuera de Espa\u00f1a, SAETA YIELD, S.A. y el Usuario, con renuncia expresa a cualquier otro fuero que pudiera corresponderles, se someten a la Jurisdicci\u00f3n de los Juzgados y Tribunales de Madrid Capital.<\/p><p><small>\u00a9 2022 SAETA YIELD, S.A. Reservados todos los derechos.<\/small><\/p><div class=\"clear\">\u00a0<\/div><\/div><\/div><div class=\"clear\">\u00a0<\/div><\/div><\/div><footer id=\"footer\" class=\"center\"><div class=\"scroll-to-top\">\u00a0<\/div><\/footer>\t\t\t\t\t\t\t\t<\/div>\n\t\t\t\t<\/div>\n\t\t\t\t\t<\/div>\n\t\t<\/div>\n\t\t\t\t\t<\/div>\n\t\t<\/section>\n\t\t\t\t<\/div>","protected":false},"excerpt":{"rendered":"<p>AVISO LEGAL SAETA YIELD, S.A. SAETA YIELD, S.A. ofrece el acceso al sitio web\u00a0www.saetayield.com\u00a0en las condiciones de uso que se describen a continuaci\u00f3n: Acceso y usuarios El acceso al sitio web\u00a0www.saetayield.com\u00a0atribuye a quien lo realiza la condici\u00f3n de USUARIO, y expresa la aceptaci\u00f3n plena y sin reservas por parte del USUARIO de todas y cada&hellip;<\/p>","protected":false},"author":1,"featured_media":0,"parent":0,"menu_order":0,"comment_status":"closed","ping_status":"closed","template":"","meta":{"footnotes":""},"class_list":["post-73214","page","type-page","status-publish","hentry"],"_links":{"self":[{"href":"https:\/\/www.saetayield.com\/en\/wp-json\/wp\/v2\/pages\/73214","targetHints":{"allow":["GET"]}}],"collection":[{"href":"https:\/\/www.saetayield.com\/en\/wp-json\/wp\/v2\/pages"}],"about":[{"href":"https:\/\/www.saetayield.com\/en\/wp-json\/wp\/v2\/types\/page"}],"author":[{"embeddable":true,"href":"https:\/\/www.saetayield.com\/en\/wp-json\/wp\/v2\/users\/1"}],"replies":[{"embeddable":true,"href":"https:\/\/www.saetayield.com\/en\/wp-json\/wp\/v2\/comments?post=73214"}],"version-history":[{"count":2,"href":"https:\/\/www.saetayield.com\/en\/wp-json\/wp\/v2\/pages\/73214\/revisions"}],"predecessor-version":[{"id":73216,"href":"https:\/\/www.saetayield.com\/en\/wp-json\/wp\/v2\/pages\/73214\/revisions\/73216"}],"wp:attachment":[{"href":"https:\/\/www.saetayield.com\/en\/wp-json\/wp\/v2\/media?parent=73214"}],"curies":[{"name":"wp","href":"https:\/\/api.w.org\/{rel}","templated":true}]}}