{"id":73287,"date":"2022-06-20T12:30:35","date_gmt":"2022-06-20T10:30:35","guid":{"rendered":"https:\/\/www.saetayield.com\/blog-masonry-2\/"},"modified":"2022-06-20T12:30:35","modified_gmt":"2022-06-20T10:30:35","slug":"blog-masonry-2","status":"publish","type":"page","link":"https:\/\/www.saetayield.com\/en\/blog-masonry-2\/","title":{"rendered":"Blog masonry"},"content":{"rendered":"\t\t<div data-elementor-type=\"wp-page\" data-elementor-id=\"73287\" class=\"elementor elementor-73287\" data-elementor-post-type=\"page\">\n\t\t\t\t\t\t<section class=\"has_eae_slider elementor-section elementor-top-section elementor-element elementor-element-586d6d71 elementor-section-stretched elementor-section-boxed elementor-section-height-default elementor-section-height-default\" data-eae-slider=\"3469\" data-id=\"586d6d71\" data-element_type=\"section\" data-e-type=\"section\" data-settings=\"{&quot;stretch_section&quot;:&quot;section-stretched&quot;,&quot;background_background&quot;:&quot;classic&quot;}\">\n\t\t\t\t\t\t<div class=\"elementor-container elementor-column-gap-no\">\n\t\t\t\t\t<div class=\"has_eae_slider elementor-column elementor-col-100 elementor-top-column elementor-element elementor-element-7a971402\" data-eae-slider=\"1709\" data-id=\"7a971402\" data-element_type=\"column\" data-e-type=\"column\">\n\t\t\t<div class=\"elementor-widget-wrap elementor-element-populated\">\n\t\t\t\t\t\t<div class=\"elementor-element elementor-element-7c02029a elementor-widget elementor-widget-the7_elements\" data-id=\"7c02029a\" data-element_type=\"widget\" data-e-type=\"widget\" data-widget_type=\"the7_elements.default\">\n\t\t\t\t<div class=\"elementor-widget-container\">\n\t\t\t\t\t<div class=\"portfolio-shortcode the7-elementor-widget the7_elements-7c02029a mode-masonry classic-layout-list description-under-image content-bg-on resize-by-browser-width widget-with-filter loading-effect-none jquery-filter\" data-padding=\"60px\" data-mobile-columns-num=\"1\" data-tablet-columns-num=\"2\" data-desktop-columns-num=\"3\" data-wide-desktop-columns-num=\"4\" data-post-limit=\"10\" data-pagination-mode=\"load-more\" data-scroll-offset=\"\" aria-live=\"assertive\"><div class=\"iso-filter filter-decorations extras-off filter filter-pointer-underline filter-animation-fade   \"><div class=\"filter-categories\" data-default-order=\"\" data-default-orderby=\"\"><a href=\"https:\/\/www.saetayield.com\/en\/blog-masonry-2\/\" class=\"show-all filter-item act\" data-filter=\"*\" aria-label=\"Apply filter: View all\">View all<\/a><a href=\"https:\/\/www.saetayield.com\/en\/blog-masonry-2\/?term=company\" class=\"filter-item company\" data-filter=\".category-20\" aria-label=\"Apply filter: Company\">Company<\/a><a href=\"https:\/\/www.saetayield.com\/en\/blog-masonry-2\/?term=empleo\" class=\"filter-item empleo\" data-filter=\".category-233\" aria-label=\"Apply filter: Empleo\">Empleo<\/a><a href=\"https:\/\/www.saetayield.com\/en\/blog-masonry-2\/?term=licitaciones\" class=\"filter-item licitaciones\" data-filter=\".category-274\" aria-label=\"Apply filter: Licitaciones\">Licitaciones<\/a><a href=\"https:\/\/www.saetayield.com\/en\/blog-masonry-2\/?term=news\" class=\"filter-item news\" data-filter=\".category-4\" aria-label=\"Apply filter: News\">News<\/a><\/div><\/div><div class=\"iso-container dt-isotope custom-iso-columns\"><div class=\"visible wf-cell iso-item category-4\" data-post-id=\"76203\" data-date=\"2026-02-20T14:26:38+01:00\" data-name=\"Saeta Yield (Masdar) logra el respaldo del Fondo de Innovaci\u00f3n 2024 de la UE para el proyecto H2 Crit\u00f3n\"><article class=\"post visible post-76203 type-post status-publish format-standard has-post-thumbnail hentry category-news tag-innovacion tag-ue category-4 description-off\" data-name=\"Saeta Yield (Masdar) logra el respaldo del Fondo de Innovaci\u00f3n 2024 de la UE para el proyecto H2 Crit\u00f3n\" data-date=\"2026-02-20T14:26:38+01:00\">\n\n\t<div class=\"post-thumbnail-wrap\">\n\t\t<div class=\"post-thumbnail\">\n\n\t\t\t<a class=\"post-thumbnail-rollover layzr-bg img-css-resize-wrapper\" aria-label=\"Post image\" href=\"https:\/\/www.saetayield.com\/en\/saeta-yield-masdar-logra-el-respaldo-del-fondo-de-innovacion-2024-de-la-ue-para-el-proyecto-h2-criton\/\"><img fetchpriority=\"high\" decoding=\"async\" width=\"1200\" height=\"786\" src=\"data:image\/svg+xml,%3Csvg%20xmlns%3D&#039;http%3A%2F%2Fwww.w3.org%2F2000%2Fsvg&#039;%20viewBox%3D&#039;0%200%201200%20786&#039;%2F%3E\" class=\"attachment-full size-full preload-me aspect lazy lazy-load\" alt=\"\" sizes=\"(max-width: 1200px) 100vw, 1200px\" style=\"--ratio: 1200 \/ 786;\" data-src=\"https:\/\/www.saetayield.com\/wp-content\/uploads\/2026\/02\/flags-of-the-european-union-in-front-of-the-europe-2026-01-08-00-26-44-utc.jpg\" loading=\"eager\" data-srcset=\"https:\/\/www.saetayield.com\/wp-content\/uploads\/2026\/02\/flags-of-the-european-union-in-front-of-the-europe-2026-01-08-00-26-44-utc.jpg 1200w, https:\/\/www.saetayield.com\/wp-content\/uploads\/2026\/02\/flags-of-the-european-union-in-front-of-the-europe-2026-01-08-00-26-44-utc-300x197.jpg 300w, https:\/\/www.saetayield.com\/wp-content\/uploads\/2026\/02\/flags-of-the-european-union-in-front-of-the-europe-2026-01-08-00-26-44-utc-1024x671.jpg 1024w, https:\/\/www.saetayield.com\/wp-content\/uploads\/2026\/02\/flags-of-the-european-union-in-front-of-the-europe-2026-01-08-00-26-44-utc-768x503.jpg 768w, https:\/\/www.saetayield.com\/wp-content\/uploads\/2026\/02\/flags-of-the-european-union-in-front-of-the-europe-2026-01-08-00-26-44-utc-18x12.jpg 18w\" \/><span class=\"the7-hover-icon\"><i aria-hidden=\"true\" class=\"feather feather-more-horizontal\"><\/i><\/span><\/a>\n\t\t<\/div>\n\t<\/div>\n\n\n<div class=\"post-entry-content\">\n\n\t<h3 class=\"ele-entry-title\"><a href=\"https:\/\/www.saetayield.com\/en\/saeta-yield-masdar-logra-el-respaldo-del-fondo-de-innovacion-2024-de-la-ue-para-el-proyecto-h2-criton\/\" rel=\"bookmark\" title=\"Saeta Yield (Masdar) logra el respaldo del Fondo de Innovaci\u00f3n 2024 de la UE para el proyecto H2 Crit\u00f3n\">Saeta Yield (Masdar) logra el respaldo del Fondo de Innovaci\u00f3n 2024 de la UE para el proyecto H2 Crit\u00f3n<\/a><\/h3><div class=\"entry-meta\"><span class=\"meta-item category-link\"><span>News<\/span><\/span><\/div>\n<\/div><\/article><\/div><div class=\"visible wf-cell iso-item category-233\" data-post-id=\"75552\" data-date=\"2023-12-18T11:00:34+01:00\" data-name=\"T\u00e9cnico Rendimiento de Activos (Asset Performance Technician)\"><article class=\"post visible no-img post-75552 type-post status-publish format-standard hentry category-empleo\" data-name=\"T\u00e9cnico Rendimiento de Activos (Asset Performance Technician)\" data-date=\"2023-12-18T11:00:34+01:00\">\n\n<div class=\"post-entry-content\">\n\n\t<h3 class=\"ele-entry-title\"><a href=\"https:\/\/www.saetayield.com\/en\/tecnico-rendimiento-de-activos-asset-performance-technician-2\/\" rel=\"bookmark\" title=\"T\u00e9cnico Rendimiento de Activos (Asset Performance Technician)\">T\u00e9cnico Rendimiento de Activos (Asset Performance Technician)<\/a><\/h3><div class=\"entry-meta\"><span class=\"meta-item category-link\"><span>Empleo<\/span><\/span><\/div>\n<\/div><\/article><\/div><div class=\"visible wf-cell iso-item category-233\" data-post-id=\"75544\" data-date=\"2023-12-18T10:37:39+01:00\" data-name=\"Administrativo de facturaci\u00f3n\"><article class=\"post visible no-img post-75544 type-post status-publish format-standard hentry category-empleo\" data-name=\"Administrativo de facturaci\u00f3n\" data-date=\"2023-12-18T10:37:39+01:00\">\n\n<div class=\"post-entry-content\">\n\n\t<h3 class=\"ele-entry-title\"><a href=\"https:\/\/www.saetayield.com\/en\/administrativo-de-facturacion-2\/\" rel=\"bookmark\" title=\"Administrativo de facturaci\u00f3n\">Administrativo de facturaci\u00f3n<\/a><\/h3><div class=\"entry-meta\"><span class=\"meta-item category-link\"><span>Empleo<\/span><\/span><\/div>\n<\/div><\/article><\/div><div class=\"visible wf-cell iso-item category-233\" data-post-id=\"75421\" data-date=\"2023-11-17T12:27:23+01:00\" data-name=\"Quality Manager\"><article class=\"post visible no-img post-75421 type-post status-publish format-standard hentry category-empleo\" data-name=\"Quality Manager\" data-date=\"2023-11-17T12:27:23+01:00\">\n\n<div class=\"post-entry-content\">\n\n\t<h3 class=\"ele-entry-title\"><a href=\"https:\/\/www.saetayield.com\/en\/quality-manager\/\" rel=\"bookmark\" title=\"Quality Manager\">Quality Manager<\/a><\/h3><div class=\"entry-meta\"><span class=\"meta-item category-link\"><span>Empleo<\/span><\/span><\/div>\n<\/div><\/article><\/div><div class=\"visible wf-cell iso-item category-274\" data-post-id=\"75392\" data-date=\"2023-11-10T12:45:11+01:00\" data-name=\"PRTR. Alquiler de cami\u00f3n volquete extravial articulado 6x6 de peso bruto p \u2265 67 tn m\u00e9tricas, y con capacidad de carga \u00fatil, carga \u00fatil nominal (100%) Q \u2265 37 tn m\u00e9tricas y potencia nominal del motor PN [...]\"><article class=\"post visible no-img post-75392 type-post status-publish format-standard hentry category-licitaciones\" data-name=\"PRTR. Alquiler de cami\u00f3n volquete extravial articulado 6&#215;6 de peso bruto p \u2265 67 tn m\u00e9tricas, y con capacidad de carga \u00fatil, carga \u00fatil nominal (100%) Q \u2265 37 tn m\u00e9tricas y potencia nominal del motor PN [&#8230;]\" data-date=\"2023-11-10T12:45:11+01:00\">\n\n<div class=\"post-entry-content\">\n\n\t<h3 class=\"ele-entry-title\"><a href=\"https:\/\/www.saetayield.com\/en\/prtr-alquiler-de-camion-volquete-extravial-articulado-6x6-de-peso-bruto-p-%e2%89%a5-67-tn-metricas-y-con-capacidad-de-carga-util-carga-util-nominal-100-q-%e2%89%a5-37-tn-metricas-y-potencia-nomin-4\/\" rel=\"bookmark\" title=\"PRTR. Alquiler de cami\u00f3n volquete extravial articulado 6&#215;6 de peso bruto p \u2265 67 tn m\u00e9tricas, y con capacidad de carga \u00fatil, carga \u00fatil nominal (100%) Q \u2265 37 tn m\u00e9tricas y potencia nominal del motor PN [&#8230;]\">PRTR. Alquiler de cami\u00f3n volquete extravial articulado 6&#215;6 de peso bruto p \u2265 67 tn m\u00e9tricas, y con capacidad de carga \u00fatil, carga \u00fatil nominal (100%) Q \u2265 37 tn m\u00e9tricas y potencia nominal del motor PN [&#8230;]<\/a><\/h3><div class=\"entry-meta\"><span class=\"meta-item category-link\"><span>Licitaciones<\/span><\/span><\/div>\n<\/div><\/article><\/div><div class=\"visible wf-cell iso-item category-274\" data-post-id=\"75295\" data-date=\"2023-11-08T09:05:35+01:00\" data-name=\"Contrato mixto de suministro e instalaci\u00f3n de equipos y servicios de video actas\"><article class=\"post visible no-img post-75295 type-post status-publish format-standard hentry category-licitaciones\" data-name=\"Contrato mixto de suministro e instalaci\u00f3n de equipos y servicios de video actas\" data-date=\"2023-11-08T09:05:35+01:00\">\n\n<div class=\"post-entry-content\">\n\n\t<h3 class=\"ele-entry-title\"><a href=\"https:\/\/www.saetayield.com\/en\/75295-2\/\" rel=\"bookmark\" title=\"Contrato mixto de suministro e instalaci\u00f3n de equipos y servicios de video actas\">Contrato mixto de suministro e instalaci\u00f3n de equipos y servicios de video actas<\/a><\/h3><div class=\"entry-meta\"><span class=\"meta-item category-link\"><span>Licitaciones<\/span><\/span><\/div>\n<\/div><\/article><\/div><div class=\"visible wf-cell iso-item category-233\" data-post-id=\"75224\" data-date=\"2023-08-21T14:36:54+02:00\" data-name=\"Responsable \u00c1rea Proyectos Tecnol\u00f3gicos IT\"><article class=\"post visible no-img post-75224 type-post status-publish format-standard hentry category-empleo\" data-name=\"Responsable \u00c1rea Proyectos Tecnol\u00f3gicos IT\" data-date=\"2023-08-21T14:36:54+02:00\">\n\n<div class=\"post-entry-content\">\n\n\t<h3 class=\"ele-entry-title\"><a href=\"https:\/\/www.saetayield.com\/en\/responsable-area-proyectos-tecnologicos-it\/\" rel=\"bookmark\" title=\"Responsable \u00c1rea Proyectos Tecnol\u00f3gicos IT\">Responsable \u00c1rea Proyectos Tecnol\u00f3gicos IT<\/a><\/h3><div class=\"entry-meta\"><span class=\"meta-item category-link\"><span>Empleo<\/span><\/span><\/div>\n<\/div><\/article><\/div><div class=\"visible wf-cell iso-item category-20\" data-post-id=\"73414\" data-date=\"2022-06-21T11:21:10+02:00\" data-name=\"WFW asesora en una refinanciaci\u00f3n de una planta de energ\u00eda termosolar de Saeta Yield por 213 millones de euros\"><article class=\"post visible post-73414 type-post status-publish format-standard has-post-thumbnail hentry category-company\" data-name=\"WFW asesora en una refinanciaci\u00f3n de una planta de energ\u00eda termosolar de Saeta Yield por 213 millones de euros\" data-date=\"2022-06-21T11:21:10+02:00\">\n\n\t<div class=\"post-thumbnail-wrap\">\n\t\t<div class=\"post-thumbnail\">\n\n\t\t\t<a class=\"post-thumbnail-rollover layzr-bg img-css-resize-wrapper\" aria-label=\"Post image\" href=\"https:\/\/www.saetayield.com\/en\/wfw-asesora-en-una-refinanciacion-de-una-planta-de-energia-termosolar-de-saeta-yield-por-213-millones-de-euros\/\"><img decoding=\"async\" width=\"1920\" height=\"1080\" src=\"data:image\/svg+xml,%3Csvg%20xmlns%3D&#039;http%3A%2F%2Fwww.w3.org%2F2000%2Fsvg&#039;%20viewBox%3D&#039;0%200%201920%201080&#039;%2F%3E\" class=\"attachment-full size-full preload-me aspect lazy lazy-load\" alt=\"\" style=\"--ratio: 1920 \/ 1080;\" data-src=\"https:\/\/www.saetayield.com\/wp-content\/uploads\/2022\/06\/DJI_0010_24.jpeg\" loading=\"eager\" \/><span class=\"the7-hover-icon\"><i aria-hidden=\"true\" class=\"feather feather-more-horizontal\"><\/i><\/span><\/a>\n\t\t<\/div>\n\t<\/div>\n\n\n<div class=\"post-entry-content\">\n\n\t<h3 class=\"ele-entry-title\"><a href=\"https:\/\/www.saetayield.com\/en\/wfw-asesora-en-una-refinanciacion-de-una-planta-de-energia-termosolar-de-saeta-yield-por-213-millones-de-euros\/\" rel=\"bookmark\" title=\"WFW asesora en una refinanciaci\u00f3n de una planta de energ\u00eda termosolar de Saeta Yield por 213 millones de euros\">WFW asesora en una refinanciaci\u00f3n de una planta de energ\u00eda termosolar de Saeta Yield por 213 millones de euros<\/a><\/h3><div class=\"entry-meta\"><span class=\"meta-item category-link\"><span>Company<\/span><\/span><\/div>\n<\/div><\/article><\/div><div class=\"visible wf-cell iso-item category-20\" data-post-id=\"73174\" data-date=\"2022-06-20T12:09:24+02:00\" data-name=\"Recibimos la visita del equipo corporativo de Bookfield Renewable\"><article class=\"post visible post-73174 type-post status-publish format-standard has-post-thumbnail hentry category-company\" data-name=\"Recibimos la visita del equipo corporativo de Bookfield Renewable\" data-date=\"2022-06-20T12:09:24+02:00\">\n\n\t<div class=\"post-thumbnail-wrap\">\n\t\t<div class=\"post-thumbnail\">\n\n\t\t\t<a class=\"post-thumbnail-rollover layzr-bg img-css-resize-wrapper\" aria-label=\"Post image\" href=\"https:\/\/www.saetayield.com\/en\/recibimos-la-visita-del-equipo-corporativo-de-bookfield-renewable\/\"><img decoding=\"async\" width=\"1200\" height=\"700\" src=\"data:image\/svg+xml,%3Csvg%20xmlns%3D&#039;http%3A%2F%2Fwww.w3.org%2F2000%2Fsvg&#039;%20viewBox%3D&#039;0%200%201200%20700&#039;%2F%3E\" class=\"attachment-full size-full preload-me aspect lazy lazy-load\" alt=\"\" style=\"--ratio: 1200 \/ 700;\" data-src=\"https:\/\/www.saetayield.com\/wp-content\/uploads\/2022\/06\/16545dfssd2cfghsd4.jpg\" loading=\"eager\" \/><span class=\"the7-hover-icon\"><i aria-hidden=\"true\" class=\"feather feather-more-horizontal\"><\/i><\/span><\/a>\n\t\t<\/div>\n\t<\/div>\n\n\n<div class=\"post-entry-content\">\n\n\t<h3 class=\"ele-entry-title\"><a href=\"https:\/\/www.saetayield.com\/en\/recibimos-la-visita-del-equipo-corporativo-de-bookfield-renewable\/\" rel=\"bookmark\" title=\"Recibimos la visita del equipo corporativo de Bookfield Renewable\">Recibimos la visita del equipo corporativo de Bookfield Renewable<\/a><\/h3><div class=\"entry-meta\"><span class=\"meta-item category-link\"><span>Company<\/span><\/span><\/div>\n<\/div><\/article><\/div><div class=\"visible wf-cell iso-item category-20\" data-post-id=\"72865\" data-date=\"2022-06-10T11:57:45+02:00\" data-name=\"SaetaYield, fiel a su compromiso social\"><article class=\"post visible post-72865 type-post status-publish format-standard has-post-thumbnail hentry category-company\" data-name=\"SaetaYield, fiel a su compromiso social\" data-date=\"2022-06-10T11:57:45+02:00\">\n\n\t<div class=\"post-thumbnail-wrap\">\n\t\t<div class=\"post-thumbnail\">\n\n\t\t\t<a class=\"post-thumbnail-rollover layzr-bg img-css-resize-wrapper\" aria-label=\"Post image\" href=\"https:\/\/www.saetayield.com\/en\/saetayield-fiel-a-su-compromiso-social\/\"><img decoding=\"async\" width=\"1599\" height=\"760\" src=\"data:image\/svg+xml,%3Csvg%20xmlns%3D&#039;http%3A%2F%2Fwww.w3.org%2F2000%2Fsvg&#039;%20viewBox%3D&#039;0%200%201599%20760&#039;%2F%3E\" class=\"attachment-full size-full preload-me aspect lazy lazy-load\" alt=\"\" sizes=\"(max-width: 1599px) 100vw, 1599px\" style=\"--ratio: 1599 \/ 760;\" data-src=\"https:\/\/www.saetayield.com\/wp-content\/uploads\/2022\/06\/compromiso-social-previnsa.jpg\" loading=\"eager\" data-srcset=\"https:\/\/www.saetayield.com\/wp-content\/uploads\/2022\/06\/compromiso-social-previnsa.jpg 1599w, https:\/\/www.saetayield.com\/wp-content\/uploads\/2022\/06\/compromiso-social-previnsa-300x143.jpg 300w, https:\/\/www.saetayield.com\/wp-content\/uploads\/2022\/06\/compromiso-social-previnsa-1024x487.jpg 1024w, https:\/\/www.saetayield.com\/wp-content\/uploads\/2022\/06\/compromiso-social-previnsa-768x365.jpg 768w, https:\/\/www.saetayield.com\/wp-content\/uploads\/2022\/06\/compromiso-social-previnsa-1536x730.jpg 1536w, https:\/\/www.saetayield.com\/wp-content\/uploads\/2022\/06\/compromiso-social-previnsa-18x9.jpg 18w\" \/><span class=\"the7-hover-icon\"><i aria-hidden=\"true\" class=\"feather feather-more-horizontal\"><\/i><\/span><\/a>\n\t\t<\/div>\n\t<\/div>\n\n\n<div class=\"post-entry-content\">\n\n\t<h3 class=\"ele-entry-title\"><a href=\"https:\/\/www.saetayield.com\/en\/saetayield-fiel-a-su-compromiso-social\/\" rel=\"bookmark\" title=\"SaetaYield, fiel a su compromiso social\">SaetaYield, fiel a su compromiso social<\/a><\/h3><div class=\"entry-meta\"><span class=\"meta-item category-link\"><span>Company<\/span><\/span><\/div>\n<\/div><\/article><\/div><\/div><!-- iso-container|iso-grid --><div class=\"paginator filter-decorations paginator-more-button filter-pointer-framed\">\n\t\t\t\t<a class=\"button-load-more highlighted filter-item\" href=\"javascript:void(0);\" data-dt-page=\"1\" ><span class=\"button-caption\">Load more<\/span><i aria-hidden=\"true\" class=\"feather feather-more-horizontal\"><\/i><\/a>\n\t\t\t<\/div><\/div>\t\t\t\t<\/div>\n\t\t\t\t<\/div>\n\t\t\t\t\t<\/div>\n\t\t<\/div>\n\t\t\t\t\t<\/div>\n\t\t<\/section>\n\t\t\t\t<\/div>\n\t\t","protected":false},"excerpt":{"rendered":"<p>View allEmpleoEventsIndustryUncategorized Foro E\u00f3lico Marino, la nueva apuesta por la e\u00f3lica marina en Espa\u00f1a Uncategorized Presentan un proyecto para crear un parque e\u00f3lico en Eskeltzu Uncategorized Recibimos la visita del equipo corporativo de Bookfield Renewable Uncategorized WFW asesora en una refinanciaci\u00f3n de una planta de energ\u00eda termosolar de Saeta Yield por 213 millones de euros&hellip;<\/p>","protected":false},"author":1,"featured_media":0,"parent":0,"menu_order":0,"comment_status":"closed","ping_status":"closed","template":"","meta":{"footnotes":""},"class_list":["post-73287","page","type-page","status-publish","hentry"],"_links":{"self":[{"href":"https:\/\/www.saetayield.com\/en\/wp-json\/wp\/v2\/pages\/73287","targetHints":{"allow":["GET"]}}],"collection":[{"href":"https:\/\/www.saetayield.com\/en\/wp-json\/wp\/v2\/pages"}],"about":[{"href":"https:\/\/www.saetayield.com\/en\/wp-json\/wp\/v2\/types\/page"}],"author":[{"embeddable":true,"href":"https:\/\/www.saetayield.com\/en\/wp-json\/wp\/v2\/users\/1"}],"replies":[{"embeddable":true,"href":"https:\/\/www.saetayield.com\/en\/wp-json\/wp\/v2\/comments?post=73287"}],"version-history":[{"count":2,"href":"https:\/\/www.saetayield.com\/en\/wp-json\/wp\/v2\/pages\/73287\/revisions"}],"predecessor-version":[{"id":73289,"href":"https:\/\/www.saetayield.com\/en\/wp-json\/wp\/v2\/pages\/73287\/revisions\/73289"}],"wp:attachment":[{"href":"https:\/\/www.saetayield.com\/en\/wp-json\/wp\/v2\/media?parent=73287"}],"curies":[{"name":"wp","href":"https:\/\/api.w.org\/{rel}","templated":true}]}}