{"id":75431,"date":"2023-11-21T15:38:24","date_gmt":"2023-11-21T14:38:24","guid":{"rendered":"https:\/\/www.saetayield.com\/?page_id=75431"},"modified":"2024-11-15T13:32:55","modified_gmt":"2024-11-15T12:32:55","slug":"contacto-etico","status":"publish","type":"page","link":"https:\/\/www.saetayield.com\/en\/contacto-etico\/","title":{"rendered":"Contacto ESG"},"content":{"rendered":"\t\t<div data-elementor-type=\"wp-page\" data-elementor-id=\"75431\" class=\"elementor elementor-75431\" data-elementor-post-type=\"page\">\n\t\t\t\t\t\t<section class=\"has_eae_slider elementor-section elementor-top-section elementor-element elementor-element-5a4571d elementor-section-stretched elementor-section-boxed elementor-section-height-default elementor-section-height-default elementor-invisible\" data-eae-slider=\"65386\" data-id=\"5a4571d\" data-element_type=\"section\" data-e-type=\"section\" data-settings=\"{&quot;stretch_section&quot;:&quot;section-stretched&quot;,&quot;animation&quot;:&quot;fadeIn&quot;}\">\n\t\t\t\t\t\t<div class=\"elementor-container elementor-column-gap-wider\">\n\t\t\t\t\t<div class=\"has_eae_slider elementor-column elementor-col-100 elementor-top-column elementor-element elementor-element-878819c\" data-eae-slider=\"46676\" data-id=\"878819c\" data-element_type=\"column\" data-e-type=\"column\">\n\t\t\t<div class=\"elementor-widget-wrap elementor-element-populated\">\n\t\t\t\t\t\t<div class=\"elementor-element elementor-element-1b35d3a elementor-widget elementor-widget-heading\" data-id=\"1b35d3a\" data-element_type=\"widget\" data-e-type=\"widget\" data-widget_type=\"heading.default\">\n\t\t\t\t<div class=\"elementor-widget-container\">\n\t\t\t\t\t<h1 class=\"elementor-heading-title elementor-size-default\">Queremos escucharte<\/h1>\t\t\t\t<\/div>\n\t\t\t\t<\/div>\n\t\t\t\t<div class=\"elementor-element elementor-element-5a1ecdb elementor-widget elementor-widget-text-editor\" data-id=\"5a1ecdb\" data-element_type=\"widget\" data-e-type=\"widget\" data-widget_type=\"text-editor.default\">\n\t\t\t\t<div class=\"elementor-widget-container\">\n\t\t\t\t\t\t\t\t\t<p style=\"font-weight: 400;\">Creamos este canal para que <strong>nuestros diferentes grupos de inter\u00e9s externos<\/strong> (Ayuntamientos, comunidades locales, vecinos, proveedores, socios de operaci\u00f3n, organizaciones de la sociedad civil, entre otros) <strong>puedan comunicar y compartir<\/strong> acciones relacionadas con temas medioambientales y socioecon\u00f3micos para el desarrollo de las zonas donde Saeta lleva a cabo la operaci\u00f3n.<\/p><p style=\"font-weight: 400;\"><span style=\"color: var( --e-global-color-text ); letter-spacing: var(--the7-base-letter-spacing); text-transform: var(--the7-base-text-transform); word-spacing: normal;\">Cada una de <strong>estas acciones ser\u00e1n analizadas y evaluadas<\/strong> con base en las <strong>Directrices de Inversi\u00f3n Social y Derechos Humanos de Saeta Yield<\/strong>.<\/span><\/p>\t\t\t\t\t\t\t\t<\/div>\n\t\t\t\t<\/div>\n\t\t\t\t<div class=\"elementor-element elementor-element-7ae33f9 elementor-button-align-end elementor-widget elementor-widget-form\" data-id=\"7ae33f9\" data-element_type=\"widget\" data-e-type=\"widget\" data-settings=\"{&quot;step_next_label&quot;:&quot;Next&quot;,&quot;step_previous_label&quot;:&quot;Previous&quot;,&quot;button_width&quot;:&quot;100&quot;,&quot;step_type&quot;:&quot;number_text&quot;,&quot;step_icon_shape&quot;:&quot;circle&quot;}\" data-widget_type=\"form.default\">\n\t\t\t\t<div class=\"elementor-widget-container\">\n\t\t\t\t\t\t\t<form class=\"elementor-form\" method=\"post\" id=\"ContactForm\" name=\"Formulario de Contacto ESG\">\n\t\t\t<input type=\"hidden\" name=\"post_id\" value=\"75431\"\/>\n\t\t\t<input type=\"hidden\" name=\"form_id\" value=\"7ae33f9\"\/>\n\t\t\t<input type=\"hidden\" name=\"referer_title\" value=\"\" \/>\n\n\t\t\t\n\t\t\t<div class=\"elementor-form-fields-wrapper elementor-labels-above\">\n\t\t\t\t\t\t\t\t<div class=\"elementor-field-type-text elementor-field-group elementor-column elementor-field-group-name elementor-col-100 elementor-field-required elementor-mark-required\">\n\t\t\t\t\t\t\t\t\t\t\t\t<label for=\"form-field-name\" class=\"elementor-field-label\">\n\t\t\t\t\t\t\t\tNombre y apellidos\t\t\t\t\t\t\t<\/label>\n\t\t\t\t\t\t\t\t\t\t\t\t\t\t<input size=\"1\" type=\"text\" name=\"form_fields[name]\" id=\"form-field-name\" class=\"elementor-field elementor-size-sm  elementor-field-textual\" placeholder=\"Nombre y apellidos\" required=\"required\" aria-required=\"true\">\n\t\t\t\t\t\t\t\t\t\t\t<\/div>\n\t\t\t\t\t\t\t\t<div class=\"elementor-field-type-text elementor-field-group elementor-column elementor-field-group-field_3448e2c elementor-col-50\">\n\t\t\t\t\t\t\t\t\t\t\t\t<label for=\"form-field-field_3448e2c\" class=\"elementor-field-label\">\n\t\t\t\t\t\t\t\tEmpresa\t\t\t\t\t\t\t<\/label>\n\t\t\t\t\t\t\t\t\t\t\t\t\t\t<input size=\"1\" type=\"text\" name=\"form_fields[field_3448e2c]\" id=\"form-field-field_3448e2c\" class=\"elementor-field elementor-size-sm  elementor-field-textual\" placeholder=\"Empresa\">\n\t\t\t\t\t\t\t\t\t\t\t<\/div>\n\t\t\t\t\t\t\t\t<div class=\"elementor-field-type-text elementor-field-group elementor-column elementor-field-group-field_5e7cde8 elementor-col-50\">\n\t\t\t\t\t\t\t\t\t\t\t\t<label for=\"form-field-field_5e7cde8\" class=\"elementor-field-label\">\n\t\t\t\t\t\t\t\tCargo\t\t\t\t\t\t\t<\/label>\n\t\t\t\t\t\t\t\t\t\t\t\t\t\t<input size=\"1\" type=\"text\" name=\"form_fields[field_5e7cde8]\" id=\"form-field-field_5e7cde8\" class=\"elementor-field elementor-size-sm  elementor-field-textual\" placeholder=\"Cargo\">\n\t\t\t\t\t\t\t\t\t\t\t<\/div>\n\t\t\t\t\t\t\t\t<div class=\"elementor-field-type-text elementor-field-group elementor-column elementor-field-group-field_3061650 elementor-col-50\">\n\t\t\t\t\t\t\t\t\t\t\t\t<label for=\"form-field-field_3061650\" class=\"elementor-field-label\">\n\t\t\t\t\t\t\t\tTel\u00e9fono\t\t\t\t\t\t\t<\/label>\n\t\t\t\t\t\t\t\t\t\t\t\t\t\t<input size=\"1\" type=\"text\" name=\"form_fields[field_3061650]\" id=\"form-field-field_3061650\" class=\"elementor-field elementor-size-sm  elementor-field-textual\" placeholder=\"Tel\u00e9fono\">\n\t\t\t\t\t\t\t\t\t\t\t<\/div>\n\t\t\t\t\t\t\t\t<div class=\"elementor-field-type-email elementor-field-group elementor-column elementor-field-group-field_e9d8730 elementor-col-50 elementor-field-required elementor-mark-required\">\n\t\t\t\t\t\t\t\t\t\t\t\t<label for=\"form-field-field_e9d8730\" class=\"elementor-field-label\">\n\t\t\t\t\t\t\t\tCorreo electr\u00f3nico\t\t\t\t\t\t\t<\/label>\n\t\t\t\t\t\t\t\t\t\t\t\t\t\t<input size=\"1\" type=\"email\" name=\"form_fields[field_e9d8730]\" id=\"form-field-field_e9d8730\" class=\"elementor-field elementor-size-sm  elementor-field-textual\" placeholder=\"Correo electr\u00f3nico\" required=\"required\" aria-required=\"true\">\n\t\t\t\t\t\t\t\t\t\t\t<\/div>\n\t\t\t\t\t\t\t\t<div class=\"elementor-field-type-textarea elementor-field-group elementor-column elementor-field-group-message elementor-col-100 elementor-field-required elementor-mark-required\">\n\t\t\t\t\t\t\t\t\t\t\t\t<label for=\"form-field-message\" class=\"elementor-field-label\">\n\t\t\t\t\t\t\t\tMensaje\t\t\t\t\t\t\t<\/label>\n\t\t\t\t\t\t<textarea class=\"elementor-field-textual elementor-field  elementor-size-sm\" name=\"form_fields[message]\" id=\"form-field-message\" rows=\"4\" placeholder=\"D\u00e9janos tu mensaje\" required=\"required\" aria-required=\"true\"><\/textarea>\t\t\t\t<\/div>\n\t\t\t\t\t\t\t\t<div class=\"elementor-field-type-upload elementor-field-group elementor-column elementor-field-group-field_25c4faf elementor-col-100\">\n\t\t\t\t\t\t\t\t\t\t\t\t<label for=\"form-field-field_25c4faf\" class=\"elementor-field-label\">\n\t\t\t\t\t\t\t\tAdjuntar archivo o imagen\t\t\t\t\t\t\t<\/label>\n\t\t\t\t\t\t\t\t<input type=\"file\" name=\"form_fields[field_25c4faf][]\" id=\"form-field-field_25c4faf\" class=\"elementor-field elementor-size-sm  elementor-upload-field\" multiple=\"multiple\" data-maxsize=\"2\" data-maxsize-message=\"This file exceeds the maximum allowed size.\">\n\n\t\t\t\t\t\t<\/div>\n\t\t\t\t\t\t\t\t<div class=\"elementor-field-type-html elementor-field-group elementor-column elementor-field-group-field_68da496 elementor-col-100\">\n\t\t\t\t\t<br\/>\n<div style=\"padding: 15px 10px; margin-bottom: 5px; background: #ececec; font-size: 12px; line-height: 22px\">\n<ul style=\"list-style-type: none;\">\n\n<li>Responsable del tratamiento: SAETA YIELD, S.A.<\/li>\n<li>Finalidad principal: recibir y gestionar informaci\u00f3n que nos soliciten<\/li>\n<li>Legitimaci\u00f3n: consentimiento prestado por el usuario<\/li>\n<li>Destinatarios: no se ceder\u00e1n datos a terceros, salvo obligaci\u00f3n legal<\/li>\n<li>Derechos: acceder, rectificar y suprimir los datos, as\u00ed como otros derechos, como se explica en la informaci\u00f3n adicional<\/li>\n<li>Informaci\u00f3n adicional: puede consultar la informaci\u00f3n adicional y detallada sobre protecci\u00f3n de datos escribiendo a la siguiente direcci\u00f3n email<\/li>\n<\/ul>\n<\/div>\n\n<hr\/>\t\t\t\t<\/div>\n\t\t\t\t\t\t\t\t<div class=\"elementor-field-type-checkbox elementor-field-group elementor-column elementor-field-group-field_1a6a97b elementor-col-100\">\n\t\t\t\t\t<div class=\"elementor-field-subgroup  elementor-subgroup-inline\"><span class=\"elementor-field-option\"><input type=\"checkbox\" value=\"Aceptas nuestra &lt;a href=&quot;politica-de-privacidad&quot;&gt;pol\u00edtica de privaciad&lt;\/a&gt;&lt;sup style=&quot;color: red&quot;&gt;*&lt;\/sup&gt;\" id=\"form-field-field_1a6a97b-0\" name=\"form_fields[field_1a6a97b]\"> <label for=\"form-field-field_1a6a97b-0\">Aceptas nuestra <a href=\"politica-de-privacidad\">pol\u00edtica de privaciad<\/a><sup style=\"color: red\">*<\/sup><\/label><\/span><\/div>\t\t\t\t<\/div>\n\t\t\t\t\t\t\t\t<div class=\"elementor-field-type-text\">\n\t\t\t\t\t<input size=\"1\" type=\"text\" name=\"form_fields[field_28240ee]\" id=\"form-field-field_28240ee\" class=\"elementor-field elementor-size-sm \" style=\"display:none !important;\">\t\t\t\t<\/div>\n\t\t\t\t\t\t\t\t<div class=\"elementor-field-type-recaptcha_v3 elementor-field-group elementor-column elementor-field-group-field_87ceae5 elementor-col-100 recaptcha_v3-inline\">\n\t\t\t\t\t<div class=\"elementor-field\" id=\"form-field-field_87ceae5\"><div class=\"elementor-g-recaptcha\" data-sitekey=\"6LdcppoUAAAAAASut_FaiSPWaOdHZg-9mNpXlTi1\" data-type=\"v3\" data-action=\"Form\" data-badge=\"inline\" data-size=\"invisible\"><\/div><\/div>\t\t\t\t<\/div>\n\t\t\t\t\t\t\t\t<div class=\"elementor-field-group elementor-column elementor-field-type-submit elementor-col-100 e-form__buttons\">\n\t\t\t\t\t<button type=\"submit\" class=\"elementor-button elementor-size-md\">\n\t\t\t\t\t\t<span >\n\t\t\t\t\t\t\t\t\t\t\t\t\t\t\t<span class=\" elementor-button-icon\">\n\t\t\t\t\t\t\t\t\t\t\t\t\t\t\t\t\t\t\t\t\t\t\t\t\t\t<\/span>\n\t\t\t\t\t\t\t\t\t\t\t\t\t\t\t\t\t\t\t\t\t\t<span class=\"elementor-button-text\">Enviar<\/span>\n\t\t\t\t\t\t\t\t\t\t\t\t\t<\/span>\n\t\t\t\t\t<\/button>\n\t\t\t\t<\/div>\n\t\t\t<\/div>\n\t\t<\/form>\n\t\t\t\t\t\t<\/div>\n\t\t\t\t<\/div>\n\t\t\t\t\t<\/div>\n\t\t<\/div>\n\t\t\t\t\t<\/div>\n\t\t<\/section>\n\t\t\t\t<section class=\"has_eae_slider elementor-section elementor-top-section elementor-element elementor-element-d65dcd4 elementor-section-boxed elementor-section-height-default elementor-section-height-default\" data-eae-slider=\"70418\" data-id=\"d65dcd4\" data-element_type=\"section\" data-e-type=\"section\">\n\t\t\t\t\t\t<div class=\"elementor-container elementor-column-gap-wider\">\n\t\t\t\t\t<div class=\"has_eae_slider elementor-column elementor-col-100 elementor-top-column elementor-element elementor-element-ae795a6 elementor-invisible\" data-eae-slider=\"9113\" data-id=\"ae795a6\" data-element_type=\"column\" data-e-type=\"column\" data-settings=\"{&quot;animation&quot;:&quot;fadeIn&quot;}\">\n\t\t\t<div class=\"elementor-widget-wrap\">\n\t\t\t\t\t\t\t<\/div>\n\t\t<\/div>\n\t\t\t\t\t<\/div>\n\t\t<\/section>\n\t\t\t\t<\/div>\n\t\t","protected":false},"excerpt":{"rendered":"<p>Queremos escucharte Creamos este canal para que nuestros diferentes grupos de inter\u00e9s externos (Ayuntamientos, comunidades locales, vecinos, proveedores, socios de operaci\u00f3n, organizaciones de la sociedad civil, entre otros) puedan comunicar y compartir acciones relacionadas con temas medioambientales y socioecon\u00f3micos para el desarrollo de las zonas donde Saeta lleva a cabo la operaci\u00f3n. Cada una de&hellip;<\/p>","protected":false},"author":1,"featured_media":72522,"parent":0,"menu_order":0,"comment_status":"closed","ping_status":"closed","template":"","meta":{"footnotes":""},"class_list":["post-75431","page","type-page","status-publish","has-post-thumbnail","hentry"],"_links":{"self":[{"href":"https:\/\/www.saetayield.com\/en\/wp-json\/wp\/v2\/pages\/75431","targetHints":{"allow":["GET"]}}],"collection":[{"href":"https:\/\/www.saetayield.com\/en\/wp-json\/wp\/v2\/pages"}],"about":[{"href":"https:\/\/www.saetayield.com\/en\/wp-json\/wp\/v2\/types\/page"}],"author":[{"embeddable":true,"href":"https:\/\/www.saetayield.com\/en\/wp-json\/wp\/v2\/users\/1"}],"replies":[{"embeddable":true,"href":"https:\/\/www.saetayield.com\/en\/wp-json\/wp\/v2\/comments?post=75431"}],"version-history":[{"count":14,"href":"https:\/\/www.saetayield.com\/en\/wp-json\/wp\/v2\/pages\/75431\/revisions"}],"predecessor-version":[{"id":75772,"href":"https:\/\/www.saetayield.com\/en\/wp-json\/wp\/v2\/pages\/75431\/revisions\/75772"}],"wp:featuredmedia":[{"embeddable":true,"href":"https:\/\/www.saetayield.com\/en\/wp-json\/wp\/v2\/media\/72522"}],"wp:attachment":[{"href":"https:\/\/www.saetayield.com\/en\/wp-json\/wp\/v2\/media?parent=75431"}],"curies":[{"name":"wp","href":"https:\/\/api.w.org\/{rel}","templated":true}]}}