{"id":75789,"date":"2024-11-21T09:48:48","date_gmt":"2024-11-21T08:48:48","guid":{"rendered":"https:\/\/www.saetayield.com\/?page_id=75789"},"modified":"2024-12-23T13:54:38","modified_gmt":"2024-12-23T12:54:38","slug":"iniciativas-de-impacto","status":"publish","type":"page","link":"https:\/\/www.saetayield.com\/en\/iniciativas-de-impacto\/","title":{"rendered":"Impact initiatives"},"content":{"rendered":"\t\t<div data-elementor-type=\"wp-page\" data-elementor-id=\"75789\" class=\"elementor elementor-75789\" data-elementor-post-type=\"page\">\n\t\t\t\t\t\t<section class=\"has_eae_slider elementor-section elementor-top-section elementor-element elementor-element-ed903f8 elementor-section-full_width elementor-section-height-default elementor-section-height-default\" data-eae-slider=\"18250\" data-id=\"ed903f8\" data-element_type=\"section\" data-e-type=\"section\">\n\t\t\t\t\t\t<div class=\"elementor-container elementor-column-gap-default\">\n\t\t\t\t\t<div class=\"has_eae_slider elementor-column elementor-col-100 elementor-top-column elementor-element elementor-element-86cc9d1\" data-eae-slider=\"22656\" data-id=\"86cc9d1\" data-element_type=\"column\" data-e-type=\"column\">\n\t\t\t<div class=\"elementor-widget-wrap elementor-element-populated\">\n\t\t\t\t\t\t<div class=\"elementor-element elementor-element-8ee88d6 elementor-widget elementor-widget-slider_revolution\" data-id=\"8ee88d6\" data-element_type=\"widget\" data-e-type=\"widget\" data-widget_type=\"slider_revolution.default\">\n\t\t\t\t<div class=\"elementor-widget-container\">\n\t\t\t\t\t\n\t\t<div class=\"wp-block-themepunch-revslider\">\n\t\t\t<!-- START Iniciativas de impacto REVOLUTION SLIDER 6.7.38 --><p class=\"rs-p-wp-fix\"><\/p>\n\t\t\t<rs-module-wrap id=\"rev_slider_21_1_wrapper\" data-source=\"gallery\" style=\"visibility:hidden;background:#FFFFFF;padding:0;margin:0px auto;margin-top:0;margin-bottom:0;\">\n\t\t\t\t<rs-module id=\"rev_slider_21_1\" style=\"\" data-version=\"6.7.38\">\n\t\t\t\t\t<rs-slides style=\"overflow: hidden; position: absolute;\">\n\t\t\t\t\t\t<rs-slide style=\"position: absolute;\" data-key=\"rs-30\" data-title=\"Seven Company\" data-duration=\"9700\" data-anim=\"adpr:false;ms:10;\" data-in=\"o:1;\" data-out=\"a:false;\" data-p1=\"B2B Services\" data-p3=\"View\">\n\t\t\t\t\t\t\t<img fetchpriority=\"high\" decoding=\"async\" src=\"\/\/www.saetayield.com\/wp-content\/plugins\/revslider\/sr6\/assets\/assets\/dummy.png\" alt=\"\" title=\"IMG_3370[8]\" width=\"2560\" height=\"1920\" class=\"rev-slidebg tp-rs-img rs-lazyload\" data-lazyload=\"\/\/www.saetayield.com\/wp-content\/uploads\/2024\/11\/IMG_33708-scaled.jpg\" data-panzoom=\"d:2500ms;e:power2.in;ss:200%;se:100%;rs:-20deg;re:0deg;os:0\/200px;oe:300px\/150px;\" data-no-retina>\n<!--\t\t\t\t\t\t--><rs-zone id=\"rrzt_30\" class=\"rev_row_zone_top\" style=\"z-index: 12;\"><!--\n\n\t\t\t\t\t\t\t\t--><rs-row\n\t\t\t\t\t\t\t\t\tid=\"slider-21-slide-30-layer-13\" \n\t\t\t\t\t\t\t\t\tdata-type=\"row\"\n\t\t\t\t\t\t\t\t\tdata-xy=\"y:b;yo:0,0,-440px,-440px;\"\n\t\t\t\t\t\t\t\t\tdata-text=\"l:22;a:inherit;\"\n\t\t\t\t\t\t\t\t\tdata-dim=\"w:1350;\"\n\t\t\t\t\t\t\t\t\tdata-rsp_bd=\"off\"\n\t\t\t\t\t\t\t\t\tdata-margin=\"t:85;b:85;\"\n\t\t\t\t\t\t\t\t\tdata-frame_1=\"sR:10;\"\n\t\t\t\t\t\t\t\t\tdata-frame_999=\"o:0;st:w;sR:9390;sA:9700;\"\n\t\t\t\t\t\t\t\t\tstyle=\"z-index:1;\"\n\t\t\t\t\t\t\t\t><!--\n\t\t\t\t\t\t\t\t\t--><rs-column\n\t\t\t\t\t\t\t\t\t\tid=\"slider-21-slide-30-layer-14\" \n\t\t\t\t\t\t\t\t\t\tdata-type=\"column\"\n\t\t\t\t\t\t\t\t\t\tdata-xy=\"xo:100px;yo:100px;\"\n\t\t\t\t\t\t\t\t\t\tdata-text=\"l:22;a:inherit;\"\n\t\t\t\t\t\t\t\t\t\tdata-rsp_bd=\"off\"\n\t\t\t\t\t\t\t\t\t\tdata-column=\"w:100%;a:bottom;\"\n\t\t\t\t\t\t\t\t\t\tdata-padding=\"r:60;l:60;\"\n\t\t\t\t\t\t\t\t\t\tdata-border=\"bor:0%,0%,0%,0;\"\n\t\t\t\t\t\t\t\t\t\tdata-frame_999=\"o:0;st:w;sR:9390;sA:9700;\"\n\t\t\t\t\t\t\t\t\t\tstyle=\"z-index:2;width:100%;\"\n\t\t\t\t\t\t\t\t\t><!--\n\t\t\t\t\t\t\t\t\t\t--><rs-layer\n\t\t\t\t\t\t\t\t\t\t\tid=\"slider-21-slide-30-layer-23\" \n\t\t\t\t\t\t\t\t\t\t\tdata-type=\"text\"\n\t\t\t\t\t\t\t\t\t\t\tdata-color=\"rgba(255, 255, 255, 1)\"\n\t\t\t\t\t\t\t\t\t\t\tdata-tsh=\"h:0,3px,3px,3px;v:0,3px,3px,3px;b:0,7px,7px,7px;\"\n\t\t\t\t\t\t\t\t\t\t\tdata-rsp_ch=\"on\"\n\t\t\t\t\t\t\t\t\t\t\tdata-xy=\"x:l,l,c,c;xo:18px,0,-20px,0;y:t,m,m,m;yo:72px,-130px,-200px,-7px;\"\n\t\t\t\t\t\t\t\t\t\t\tdata-pos=\"r\"\n\t\t\t\t\t\t\t\t\t\t\tdata-text=\"w:normal;s:79,90,80,60;l:98,90,80,60;fw:600,700,700,700;\"\n\t\t\t\t\t\t\t\t\t\t\tdata-dim=\"h:99px,auto,auto,auto;\"\n\t\t\t\t\t\t\t\t\t\t\tdata-padding=\"b:26,25,25,25;\"\n\t\t\t\t\t\t\t\t\t\t\tdata-frame_0=\"x:-100%;o:1;\"\n\t\t\t\t\t\t\t\t\t\t\tdata-frame_0_mask=\"u:t;\"\n\t\t\t\t\t\t\t\t\t\t\tdata-frame_1=\"e:power2.out;st:1300;sp:1100;sR:1290;\"\n\t\t\t\t\t\t\t\t\t\t\tdata-frame_1_mask=\"u:t;\"\n\t\t\t\t\t\t\t\t\t\t\tdata-frame_999=\"o:0;e:nothing;st:w;sR:7300;\"\n\t\t\t\t\t\t\t\t\t\t\tstyle=\"z-index:3;font-family:'Rubik';text-transform:uppercase;\"\n\t\t\t\t\t\t\t\t\t\t><span>Iniciativas de impacto  <\/span> \n\t\t\t\t\t\t\t\t\t\t<\/rs-layer><!--\n\n\t\t\t\t\t\t\t\t\t\t--><rs-layer\n\t\t\t\t\t\t\t\t\t\t\tid=\"slider-21-slide-30-layer-6\" \n\t\t\t\t\t\t\t\t\t\t\tdata-type=\"text\"\n\t\t\t\t\t\t\t\t\t\t\tdata-color=\"rgba(255, 255, 255, 1)\"\n\t\t\t\t\t\t\t\t\t\t\tdata-rsp_ch=\"on\"\n\t\t\t\t\t\t\t\t\t\t\tdata-xy=\"x:l,l,c,c;xo:-3px,6px,590px,0;y:t,m,m,m;yo:308px,180px,-161px,130px;\"\n\t\t\t\t\t\t\t\t\t\t\tdata-pos=\"r\"\n\t\t\t\t\t\t\t\t\t\t\tdata-text=\"w:normal;s:30,22,22,20;l:42,34,34,32;fw:500;\"\n\t\t\t\t\t\t\t\t\t\t\tdata-dim=\"w:1240.656px,auto,auto,auto;h:90px,auto,auto,auto;\"\n\t\t\t\t\t\t\t\t\t\t\tdata-padding=\"l:25;\"\n\t\t\t\t\t\t\t\t\t\t\tdata-border=\"bos:solid;boc:#148ba9;bow:0,0,0,3px;\"\n\t\t\t\t\t\t\t\t\t\t\tdata-frame_0=\"y:-50px;\"\n\t\t\t\t\t\t\t\t\t\t\tdata-frame_1=\"e:power3.out;st:2250;sp:1000;sR:2240;\"\n\t\t\t\t\t\t\t\t\t\t\tdata-frame_999=\"st:w;sR:6450;auto:true;\"\n\t\t\t\t\t\t\t\t\t\t\tstyle=\"z-index:4;font-family:'Poppins';\"\n\t\t\t\t\t\t\t\t\t\t>para  garantizar la conservaci\u00f3n de las especies y sus territorios naturales \n\t\t\t\t\t\t\t\t\t\t<\/rs-layer><!--\n\t\t\t\t\t\t\t\t\t--><\/rs-column><!--\n\t\t\t\t\t\t\t\t--><\/rs-row><!--\n\t\t\t\t\t\t\t--><\/rs-zone><!--\n\n\t\t\t\t\t\t\t--><rs-layer\n\t\t\t\t\t\t\t\tid=\"slider-21-slide-30-layer-0\" \n\t\t\t\t\t\t\t\tdata-type=\"shape\"\n\t\t\t\t\t\t\t\tdata-rsp_ch=\"on\"\n\t\t\t\t\t\t\t\tdata-xy=\"x:c;y:m;\"\n\t\t\t\t\t\t\t\tdata-text=\"w:normal;s:20,16,13,7;l:0,21,17,9;\"\n\t\t\t\t\t\t\t\tdata-dim=\"w:100%;h:100%;\"\n\t\t\t\t\t\t\t\tdata-basealign=\"slide\"\n\t\t\t\t\t\t\t\tdata-frame_1=\"sp:0;\"\n\t\t\t\t\t\t\t\tdata-frame_999=\"o:0;st:w;sR:9650;\"\n\t\t\t\t\t\t\t\tstyle=\"z-index:9;background-color:rgba(0,0,0,0.5);\"\n\t\t\t\t\t\t\t> \n\t\t\t\t\t\t\t<\/rs-layer><!--\n-->\t\t\t\t\t<\/rs-slide>\n\t\t\t\t\t<\/rs-slides>\n\t\t\t\t<\/rs-module>\n\t\t\t\t<script>\n\t\t\t\t\tsetREVStartSize({c: 'rev_slider_21_1',rl:[1240,1024,778,480],el:[500,700,400,400],gw:[1300,1100,900,500],gh:[500,500,400,400],type:'standard',justify:'',layout:'fullwidth',mh:\"0\"});if (window.RS_MODULES!==undefined && window.RS_MODULES.modules!==undefined && window.RS_MODULES.modules[\"revslider211\"]!==undefined) {window.RS_MODULES.modules[\"revslider211\"].once = false;window.revapi21 = undefined;if (window.RS_MODULES.checkMinimal!==undefined) window.RS_MODULES.checkMinimal()}\n\t\t\t\t<\/script>\n\t\t\t<\/rs-module-wrap>\n\t\t\t<!-- END REVOLUTION SLIDER -->\n<\/div>\n\n\t\t\t\t\t\t<\/div>\n\t\t\t\t<\/div>\n\t\t\t\t<div class=\"elementor-element elementor-element-54fdb1a elementor-widget elementor-widget-text-editor\" data-id=\"54fdb1a\" data-element_type=\"widget\" data-e-type=\"widget\" data-widget_type=\"text-editor.default\">\n\t\t\t\t<div class=\"elementor-widget-container\">\n\t\t\t\t\t\t\t\t\t<h2 style=\"text-align: center; color: #68A04A;\">\u00a1Seguimos apostando por un futuro m\u00e1s verde y respetuoso con la naturaleza!<\/h2>\t\t\t\t\t\t\t\t<\/div>\n\t\t\t\t<\/div>\n\t\t\t\t\t<\/div>\n\t\t<\/div>\n\t\t\t\t\t<\/div>\n\t\t<\/section>\n\t\t\t\t<section class=\"has_eae_slider elementor-section elementor-top-section elementor-element elementor-element-b91526c elementor-section-content-middle elementor-section-boxed elementor-section-height-default elementor-section-height-default\" data-eae-slider=\"87026\" data-id=\"b91526c\" data-element_type=\"section\" data-e-type=\"section\">\n\t\t\t\t\t\t<div class=\"elementor-container elementor-column-gap-default\">\n\t\t\t\t\t<div class=\"has_eae_slider elementor-column elementor-col-33 elementor-top-column elementor-element elementor-element-665bc33\" data-eae-slider=\"84833\" data-id=\"665bc33\" data-element_type=\"column\" data-e-type=\"column\">\n\t\t\t<div class=\"elementor-widget-wrap elementor-element-populated\">\n\t\t\t\t\t\t<div class=\"elementor-element elementor-element-78d0226 elementor-widget elementor-widget-image\" data-id=\"78d0226\" data-element_type=\"widget\" data-e-type=\"widget\" data-widget_type=\"image.default\">\n\t\t\t\t<div class=\"elementor-widget-container\">\n\t\t\t\t\t\t\t\t\t\t\t\t\t\t\t<img decoding=\"async\" width=\"682\" height=\"1024\" src=\"data:image\/svg+xml;charset=utf-8,%3Csvg xmlns%3D'http%3A%2F%2Fwww.w3.org%2F2000%2Fsvg' viewBox%3D'0 0 682 1024'%2F%3E\" data-src=\"https:\/\/www.saetayield.com\/wp-content\/uploads\/2024\/11\/7-682x1024.jpeg\" class=\"lazy-load attachment-large size-large wp-image-75797\" alt=\"\" data-srcset=\"https:\/\/www.saetayield.com\/wp-content\/uploads\/2024\/11\/7-682x1024.jpeg 682w, https:\/\/www.saetayield.com\/wp-content\/uploads\/2024\/11\/7-200x300.jpeg 200w, https:\/\/www.saetayield.com\/wp-content\/uploads\/2024\/11\/7-768x1153.jpeg 768w, https:\/\/www.saetayield.com\/wp-content\/uploads\/2024\/11\/7-1023x1536.jpeg 1023w, https:\/\/www.saetayield.com\/wp-content\/uploads\/2024\/11\/7-8x12.jpeg 8w, https:\/\/www.saetayield.com\/wp-content\/uploads\/2024\/11\/7.jpeg 1066w\" sizes=\"(max-width: 682px) 100vw, 682px\" \/>\t\t\t\t\t\t\t\t\t\t\t\t\t\t\t<\/div>\n\t\t\t\t<\/div>\n\t\t\t\t\t<\/div>\n\t\t<\/div>\n\t\t\t\t<div class=\"has_eae_slider elementor-column elementor-col-66 elementor-top-column elementor-element elementor-element-640751b\" data-eae-slider=\"40411\" data-id=\"640751b\" data-element_type=\"column\" data-e-type=\"column\">\n\t\t\t<div class=\"elementor-widget-wrap elementor-element-populated\">\n\t\t\t\t\t\t<div class=\"elementor-element elementor-element-7b33c8e elementor-widget elementor-widget-text-editor\" data-id=\"7b33c8e\" data-element_type=\"widget\" data-e-type=\"widget\" data-widget_type=\"text-editor.default\">\n\t\t\t\t<div class=\"elementor-widget-container\">\n\t\t\t\t\t\t\t\t\t<p style=\"text-align: justify;\">En Saeta, estamos continuamente reforzando nuestro compromiso con la biodiversidad, por lo que nos complace compartirles que nos hemos unido al proyecto <b>LIFE Eurokite<\/b> para la conservaci\u00f3n del <b>milano real,<\/b> especie en peligro de extinci\u00f3n en Espa\u00f1a, en colaboraci\u00f3n con <b>AMUS-Acci\u00f3n por el Mundo Salvaje, <\/b>organizaci\u00f3n sin \u00e1nimo de lucro, cuyo objetivo principal es garantizar la conservaci\u00f3n de las especies silvestres y sus territorios naturales.\u00a0<\/p><p style=\"text-align: justify;\">A trav\u00e9s de esta alianza, <b>cofinanciaremos <\/b>la liberaci\u00f3n de<b> 32 milanos reales<\/b> en 2025 y el seguimiento de estos ejemplares durante los a\u00f1os 2026 y 2027. Contribuyendo al reforzamiento de la poblaci\u00f3n de esta especie en el sudoeste de nuestro pa\u00eds.<\/p><p style=\"text-align: justify;\">Nos sentimos muy orgullosos de formar parte de una iniciativa que, adem\u00e1s de proteger la biodiversidad, refuerza nuestro compromiso con la sostenibilidad<\/p><p style=\"text-align: justify;\">\u00a0<\/p>\t\t\t\t\t\t\t\t<\/div>\n\t\t\t\t<\/div>\n\t\t\t\t\t<\/div>\n\t\t<\/div>\n\t\t\t\t\t<\/div>\n\t\t<\/section>\n\t\t\t\t<section class=\"has_eae_slider elementor-section elementor-top-section elementor-element elementor-element-a4d8511 elementor-section-boxed elementor-section-height-default elementor-section-height-default\" data-eae-slider=\"34328\" data-id=\"a4d8511\" data-element_type=\"section\" data-e-type=\"section\">\n\t\t\t\t\t\t<div class=\"elementor-container elementor-column-gap-default\">\n\t\t\t\t\t<div class=\"has_eae_slider elementor-column elementor-col-25 elementor-top-column elementor-element elementor-element-0335fa9\" data-eae-slider=\"90618\" data-id=\"0335fa9\" data-element_type=\"column\" data-e-type=\"column\">\n\t\t\t<div class=\"elementor-widget-wrap elementor-element-populated\">\n\t\t\t\t\t\t<div class=\"elementor-element elementor-element-81c941a elementor-invisible elementor-widget elementor-widget-image\" data-id=\"81c941a\" data-element_type=\"widget\" data-e-type=\"widget\" data-settings=\"{&quot;_animation&quot;:&quot;fadeIn&quot;}\" data-widget_type=\"image.default\">\n\t\t\t\t<div class=\"elementor-widget-container\">\n\t\t\t\t\t\t\t\t\t\t\t\t\t\t\t\t<a href=\"https:\/\/amus.org.es\/\" target=\"_blank\" rel=\"nofollow\">\n\t\t\t\t\t\t\t<img decoding=\"async\" width=\"150\" height=\"150\" src=\"data:image\/svg+xml;charset=utf-8,%3Csvg xmlns%3D'http%3A%2F%2Fwww.w3.org%2F2000%2Fsvg' viewBox%3D'0 0 150 150'%2F%3E\" data-src=\"https:\/\/www.saetayield.com\/wp-content\/uploads\/2024\/11\/AMUS-1-150x150.jpg\" class=\"lazy-load attachment-thumbnail size-thumbnail wp-image-75792\" alt=\"\" data-srcset=\"https:\/\/www.saetayield.com\/wp-content\/uploads\/2024\/11\/AMUS-1-150x150.jpg 150w, https:\/\/www.saetayield.com\/wp-content\/uploads\/2024\/11\/AMUS-1-298x300.jpg 298w, https:\/\/www.saetayield.com\/wp-content\/uploads\/2024\/11\/AMUS-1-768x772.jpg 768w, https:\/\/www.saetayield.com\/wp-content\/uploads\/2024\/11\/AMUS-1-12x12.jpg 12w, https:\/\/www.saetayield.com\/wp-content\/uploads\/2024\/11\/AMUS-1.jpg 955w\" sizes=\"(max-width: 150px) 100vw, 150px\" \/>\t\t\t\t\t\t\t\t<\/a>\n\t\t\t\t\t\t\t\t\t\t\t\t\t\t\t<\/div>\n\t\t\t\t<\/div>\n\t\t\t\t\t<\/div>\n\t\t<\/div>\n\t\t\t\t<div class=\"has_eae_slider elementor-column elementor-col-25 elementor-top-column elementor-element elementor-element-2899705\" data-eae-slider=\"16812\" data-id=\"2899705\" data-element_type=\"column\" data-e-type=\"column\">\n\t\t\t<div class=\"elementor-widget-wrap elementor-element-populated\">\n\t\t\t\t\t\t<div class=\"elementor-element elementor-element-e35e72d elementor-invisible elementor-widget elementor-widget-image\" data-id=\"e35e72d\" data-element_type=\"widget\" data-e-type=\"widget\" data-settings=\"{&quot;_animation&quot;:&quot;fadeIn&quot;,&quot;_animation_delay&quot;:200}\" data-widget_type=\"image.default\">\n\t\t\t\t<div class=\"elementor-widget-container\">\n\t\t\t\t\t\t\t\t\t\t\t\t\t\t\t\t<a href=\"https:\/\/www.life-eurokite.eu\/es\/life-eurokite.html\" target=\"_blank\" rel=\"nofollow\">\n\t\t\t\t\t\t\t<img loading=\"lazy\" decoding=\"async\" width=\"300\" height=\"218\" src=\"data:image\/svg+xml;charset=utf-8,%3Csvg xmlns%3D'http%3A%2F%2Fwww.w3.org%2F2000%2Fsvg' viewBox%3D'0 0 300 218'%2F%3E\" data-src=\"https:\/\/www.saetayield.com\/wp-content\/uploads\/2024\/11\/Logo-b2eb2a1e-300x218.png\" class=\"lazy-load attachment-medium size-medium wp-image-75793\" alt=\"\" data-srcset=\"https:\/\/www.saetayield.com\/wp-content\/uploads\/2024\/11\/Logo-b2eb2a1e-300x218.png 300w, https:\/\/www.saetayield.com\/wp-content\/uploads\/2024\/11\/Logo-b2eb2a1e-18x12.png 18w, https:\/\/www.saetayield.com\/wp-content\/uploads\/2024\/11\/Logo-b2eb2a1e.png 350w\" sizes=\"(max-width: 300px) 100vw, 300px\" \/>\t\t\t\t\t\t\t\t<\/a>\n\t\t\t\t\t\t\t\t\t\t\t\t\t\t\t<\/div>\n\t\t\t\t<\/div>\n\t\t\t\t\t<\/div>\n\t\t<\/div>\n\t\t\t\t<div class=\"has_eae_slider elementor-column elementor-col-25 elementor-top-column elementor-element elementor-element-fb2211e\" data-eae-slider=\"73134\" data-id=\"fb2211e\" data-element_type=\"column\" data-e-type=\"column\">\n\t\t\t<div class=\"elementor-widget-wrap elementor-element-populated\">\n\t\t\t\t\t\t<div class=\"elementor-element elementor-element-725ab14 elementor-invisible elementor-widget elementor-widget-image\" data-id=\"725ab14\" data-element_type=\"widget\" data-e-type=\"widget\" data-settings=\"{&quot;_animation&quot;:&quot;fadeIn&quot;,&quot;_animation_delay&quot;:400}\" data-widget_type=\"image.default\">\n\t\t\t\t<div class=\"elementor-widget-container\">\n\t\t\t\t\t\t\t\t\t\t\t\t\t\t\t<img loading=\"lazy\" decoding=\"async\" width=\"264\" height=\"191\" src=\"data:image\/svg+xml;charset=utf-8,%3Csvg xmlns%3D'http%3A%2F%2Fwww.w3.org%2F2000%2Fsvg' viewBox%3D'0 0 264 191'%2F%3E\" data-src=\"https:\/\/www.saetayield.com\/wp-content\/uploads\/2024\/11\/LIFE_logo.png\" class=\"lazy-load attachment-medium size-medium wp-image-75794\" alt=\"\" data-srcset=\"https:\/\/www.saetayield.com\/wp-content\/uploads\/2024\/11\/LIFE_logo.png 264w, https:\/\/www.saetayield.com\/wp-content\/uploads\/2024\/11\/LIFE_logo-18x12.png 18w\" sizes=\"(max-width: 264px) 100vw, 264px\" \/>\t\t\t\t\t\t\t\t\t\t\t\t\t\t\t<\/div>\n\t\t\t\t<\/div>\n\t\t\t\t\t<\/div>\n\t\t<\/div>\n\t\t\t\t<div class=\"has_eae_slider elementor-column elementor-col-25 elementor-top-column elementor-element elementor-element-dc7f2a1\" data-eae-slider=\"39828\" data-id=\"dc7f2a1\" data-element_type=\"column\" data-e-type=\"column\">\n\t\t\t<div class=\"elementor-widget-wrap elementor-element-populated\">\n\t\t\t\t\t\t<div class=\"elementor-element elementor-element-327979b elementor-invisible elementor-widget elementor-widget-image\" data-id=\"327979b\" data-element_type=\"widget\" data-e-type=\"widget\" data-settings=\"{&quot;_animation&quot;:&quot;fadeIn&quot;,&quot;_animation_delay&quot;:600}\" data-widget_type=\"image.default\">\n\t\t\t\t<div class=\"elementor-widget-container\">\n\t\t\t\t\t\t\t\t\t\t\t\t\t\t\t<img loading=\"lazy\" decoding=\"async\" width=\"251\" height=\"300\" src=\"data:image\/svg+xml;charset=utf-8,%3Csvg xmlns%3D'http%3A%2F%2Fwww.w3.org%2F2000%2Fsvg' viewBox%3D'0 0 251 300'%2F%3E\" data-src=\"https:\/\/www.saetayield.com\/wp-content\/uploads\/2024\/12\/SAETA_LOGO_RGB93.svg\" class=\"lazy-load attachment-medium size-medium wp-image-75977\" alt=\"\" \/>\t\t\t\t\t\t\t\t\t\t\t\t\t\t\t<\/div>\n\t\t\t\t<\/div>\n\t\t\t\t\t<\/div>\n\t\t<\/div>\n\t\t\t\t\t<\/div>\n\t\t<\/section>\n\t\t\t\t<\/div>\n\t\t","protected":false},"excerpt":{"rendered":"<p>\u00a1Seguimos apostando por un futuro m\u00e1s verde y respetuoso con la naturaleza! En Saeta, estamos continuamente reforzando nuestro compromiso con la biodiversidad, por lo que nos complace compartirles que nos hemos unido al proyecto LIFE Eurokite para la conservaci\u00f3n del milano real, especie en peligro de extinci\u00f3n en Espa\u00f1a, en colaboraci\u00f3n con AMUS-Acci\u00f3n por el&hellip;<\/p>","protected":false},"author":15,"featured_media":72606,"parent":0,"menu_order":0,"comment_status":"closed","ping_status":"closed","template":"elementor_header_footer","meta":{"footnotes":""},"class_list":["post-75789","page","type-page","status-publish","has-post-thumbnail","hentry"],"_links":{"self":[{"href":"https:\/\/www.saetayield.com\/en\/wp-json\/wp\/v2\/pages\/75789","targetHints":{"allow":["GET"]}}],"collection":[{"href":"https:\/\/www.saetayield.com\/en\/wp-json\/wp\/v2\/pages"}],"about":[{"href":"https:\/\/www.saetayield.com\/en\/wp-json\/wp\/v2\/types\/page"}],"author":[{"embeddable":true,"href":"https:\/\/www.saetayield.com\/en\/wp-json\/wp\/v2\/users\/15"}],"replies":[{"embeddable":true,"href":"https:\/\/www.saetayield.com\/en\/wp-json\/wp\/v2\/comments?post=75789"}],"version-history":[{"count":14,"href":"https:\/\/www.saetayield.com\/en\/wp-json\/wp\/v2\/pages\/75789\/revisions"}],"predecessor-version":[{"id":75980,"href":"https:\/\/www.saetayield.com\/en\/wp-json\/wp\/v2\/pages\/75789\/revisions\/75980"}],"wp:featuredmedia":[{"embeddable":true,"href":"https:\/\/www.saetayield.com\/en\/wp-json\/wp\/v2\/media\/72606"}],"wp:attachment":[{"href":"https:\/\/www.saetayield.com\/en\/wp-json\/wp\/v2\/media?parent=75789"}],"curies":[{"name":"wp","href":"https:\/\/api.w.org\/{rel}","templated":true}]}}