{"id":76040,"date":"2025-01-24T12:21:38","date_gmt":"2025-01-24T11:21:38","guid":{"rendered":"https:\/\/www.saetayield.com\/?page_id=76040"},"modified":"2026-02-20T14:52:39","modified_gmt":"2026-02-20T13:52:39","slug":"noticias","status":"publish","type":"page","link":"https:\/\/www.saetayield.com\/en\/noticias\/","title":{"rendered":"News"},"content":{"rendered":"\t\t<div data-elementor-type=\"wp-page\" data-elementor-id=\"76040\" class=\"elementor elementor-76040\" data-elementor-post-type=\"page\">\n\t\t\t\t\t\t<section class=\"has_eae_slider elementor-section elementor-top-section elementor-element elementor-element-366bb87 elementor-section-full_width elementor-section-height-default elementor-section-height-default\" data-eae-slider=\"11330\" data-id=\"366bb87\" data-element_type=\"section\" data-e-type=\"section\">\n\t\t\t\t\t\t<div class=\"elementor-container elementor-column-gap-no\">\n\t\t\t\t\t<div class=\"has_eae_slider elementor-column elementor-col-100 elementor-top-column elementor-element elementor-element-a7d921a\" data-eae-slider=\"93822\" data-id=\"a7d921a\" data-element_type=\"column\" data-e-type=\"column\">\n\t\t\t<div class=\"elementor-widget-wrap elementor-element-populated\">\n\t\t\t\t\t\t<div class=\"elementor-element elementor-element-7c6c39b elementor-widget elementor-widget-slider_revolution\" data-id=\"7c6c39b\" data-element_type=\"widget\" data-e-type=\"widget\" data-widget_type=\"slider_revolution.default\">\n\t\t\t\t<div class=\"elementor-widget-container\">\n\t\t\t\t\t\n\t\t<div class=\"wp-block-themepunch-revslider\">\n\t\t\t<!-- START Noticias REVOLUTION SLIDER 6.7.38 --><p class=\"rs-p-wp-fix\"><\/p>\n\t\t\t<rs-module-wrap id=\"rev_slider_22_1_wrapper\" data-source=\"gallery\" style=\"visibility:hidden;background:#FFFFFF;padding:0;margin:0px auto;margin-top:0;margin-bottom:0;\">\n\t\t\t\t<rs-module id=\"rev_slider_22_1\" style=\"\" data-version=\"6.7.38\">\n\t\t\t\t\t<rs-slides style=\"overflow: hidden; position: absolute;\">\n\t\t\t\t\t\t<rs-slide style=\"position: absolute;\" data-key=\"rs-31\" data-title=\"Seven Company\" data-duration=\"9700\" data-anim=\"adpr:false;ms:10;\" data-in=\"o:1;\" data-out=\"a:false;\" data-p1=\"B2B Services\" data-p3=\"View\">\n\t\t\t\t\t\t\t<img fetchpriority=\"high\" decoding=\"async\" src=\"\/\/www.saetayield.com\/wp-content\/plugins\/revslider\/sr6\/assets\/assets\/dummy.png\" alt=\"\" title=\"worker-reading-news-with-tablet\" width=\"1920\" height=\"1280\" class=\"rev-slidebg tp-rs-img rs-lazyload\" data-lazyload=\"\/\/www.saetayield.com\/wp-content\/uploads\/2025\/02\/worker-reading-news-with-tablet.jpg\" data-panzoom=\"d:2500ms;e:power2.in;ss:200%;se:100%;rs:-20deg;re:0deg;os:0\/200px;oe:300px\/150px;\" data-no-retina>\n<!--\t\t\t\t\t\t--><rs-zone id=\"rrzt_31\" class=\"rev_row_zone_top\" style=\"z-index: 12;\"><!--\n\n\t\t\t\t\t\t\t\t--><rs-row\n\t\t\t\t\t\t\t\t\tid=\"slider-22-slide-31-layer-13\" \n\t\t\t\t\t\t\t\t\tdata-type=\"row\"\n\t\t\t\t\t\t\t\t\tdata-xy=\"y:b;yo:0,0,-440px,-440px;\"\n\t\t\t\t\t\t\t\t\tdata-text=\"l:22;a:inherit;\"\n\t\t\t\t\t\t\t\t\tdata-dim=\"w:1350;\"\n\t\t\t\t\t\t\t\t\tdata-rsp_bd=\"off\"\n\t\t\t\t\t\t\t\t\tdata-margin=\"t:85;b:85;\"\n\t\t\t\t\t\t\t\t\tdata-frame_1=\"sR:10;\"\n\t\t\t\t\t\t\t\t\tdata-frame_999=\"o:0;st:w;sR:9390;sA:9700;\"\n\t\t\t\t\t\t\t\t\tstyle=\"z-index:1;\"\n\t\t\t\t\t\t\t\t><!--\n\t\t\t\t\t\t\t\t\t--><rs-column\n\t\t\t\t\t\t\t\t\t\tid=\"slider-22-slide-31-layer-14\" \n\t\t\t\t\t\t\t\t\t\tdata-type=\"column\"\n\t\t\t\t\t\t\t\t\t\tdata-xy=\"xo:100px;yo:100px;\"\n\t\t\t\t\t\t\t\t\t\tdata-text=\"l:22;a:inherit;\"\n\t\t\t\t\t\t\t\t\t\tdata-rsp_bd=\"off\"\n\t\t\t\t\t\t\t\t\t\tdata-column=\"w:100%;a:bottom;\"\n\t\t\t\t\t\t\t\t\t\tdata-padding=\"r:60;l:60;\"\n\t\t\t\t\t\t\t\t\t\tdata-border=\"bor:0%,0%,0%,0;\"\n\t\t\t\t\t\t\t\t\t\tdata-frame_999=\"o:0;st:w;sR:9390;sA:9700;\"\n\t\t\t\t\t\t\t\t\t\tstyle=\"z-index:2;width:100%;\"\n\t\t\t\t\t\t\t\t\t><!--\n\t\t\t\t\t\t\t\t\t\t--><rs-layer\n\t\t\t\t\t\t\t\t\t\t\tid=\"slider-22-slide-31-layer-23\" \n\t\t\t\t\t\t\t\t\t\t\tdata-type=\"text\"\n\t\t\t\t\t\t\t\t\t\t\tdata-color=\"rgba(255, 255, 255, 1)\"\n\t\t\t\t\t\t\t\t\t\t\tdata-tsh=\"h:0,3px,3px,3px;v:0,3px,3px,3px;b:0,7px,7px,7px;\"\n\t\t\t\t\t\t\t\t\t\t\tdata-rsp_ch=\"on\"\n\t\t\t\t\t\t\t\t\t\t\tdata-xy=\"x:l,l,c,c;xo:18px,0,-20px,0;y:t,m,m,m;yo:72px,-130px,-200px,-7px;\"\n\t\t\t\t\t\t\t\t\t\t\tdata-pos=\"r\"\n\t\t\t\t\t\t\t\t\t\t\tdata-text=\"w:normal;s:79,90,80,60;l:98,90,80,60;fw:600,700,700,700;\"\n\t\t\t\t\t\t\t\t\t\t\tdata-dim=\"h:99px,auto,auto,auto;\"\n\t\t\t\t\t\t\t\t\t\t\tdata-padding=\"b:26,25,25,25;\"\n\t\t\t\t\t\t\t\t\t\t\tdata-frame_0=\"x:-100%;o:1;\"\n\t\t\t\t\t\t\t\t\t\t\tdata-frame_0_mask=\"u:t;\"\n\t\t\t\t\t\t\t\t\t\t\tdata-frame_1=\"e:power2.out;st:1300;sp:1100;sR:1290;\"\n\t\t\t\t\t\t\t\t\t\t\tdata-frame_1_mask=\"u:t;\"\n\t\t\t\t\t\t\t\t\t\t\tdata-frame_999=\"o:0;e:nothing;st:w;sR:7300;\"\n\t\t\t\t\t\t\t\t\t\t\tstyle=\"z-index:3;font-family:'Rubik';text-transform:uppercase;\"\n\t\t\t\t\t\t\t\t\t\t><span>Noticias<\/span> \n\t\t\t\t\t\t\t\t\t\t<\/rs-layer><!--\n\t\t\t\t\t\t\t\t\t--><\/rs-column><!--\n\t\t\t\t\t\t\t\t--><\/rs-row><!--\n\t\t\t\t\t\t\t--><\/rs-zone><!--\n\n\t\t\t\t\t\t\t--><rs-layer\n\t\t\t\t\t\t\t\tid=\"slider-22-slide-31-layer-0\" \n\t\t\t\t\t\t\t\tdata-type=\"shape\"\n\t\t\t\t\t\t\t\tdata-rsp_ch=\"on\"\n\t\t\t\t\t\t\t\tdata-xy=\"x:c;y:m;\"\n\t\t\t\t\t\t\t\tdata-text=\"w:normal;s:20,16,13,7;l:0,21,17,9;\"\n\t\t\t\t\t\t\t\tdata-dim=\"w:100%;h:100%;\"\n\t\t\t\t\t\t\t\tdata-basealign=\"slide\"\n\t\t\t\t\t\t\t\tdata-frame_1=\"sp:0;\"\n\t\t\t\t\t\t\t\tdata-frame_999=\"o:0;st:w;sR:9650;\"\n\t\t\t\t\t\t\t\tstyle=\"z-index:9;background-color:rgba(0,0,0,0.5);\"\n\t\t\t\t\t\t\t> \n\t\t\t\t\t\t\t<\/rs-layer><!--\n-->\t\t\t\t\t<\/rs-slide>\n\t\t\t\t\t<\/rs-slides>\n\t\t\t\t<\/rs-module>\n\t\t\t\t<script>\n\t\t\t\t\tsetREVStartSize({c: 'rev_slider_22_1',rl:[1240,1024,778,480],el:[500,700,400,400],gw:[1300,1100,900,500],gh:[500,500,400,400],type:'standard',justify:'',layout:'fullwidth',mh:\"0\"});if (window.RS_MODULES!==undefined && window.RS_MODULES.modules!==undefined && window.RS_MODULES.modules[\"revslider221\"]!==undefined) {window.RS_MODULES.modules[\"revslider221\"].once = false;window.revapi22 = undefined;if (window.RS_MODULES.checkMinimal!==undefined) window.RS_MODULES.checkMinimal()}\n\t\t\t\t<\/script>\n\t\t\t<\/rs-module-wrap>\n\t\t\t<!-- END REVOLUTION SLIDER -->\n<\/div>\n\n\t\t\t\t\t\t<\/div>\n\t\t\t\t<\/div>\n\t\t\t\t\t<\/div>\n\t\t<\/div>\n\t\t\t\t\t<\/div>\n\t\t<\/section>\n\t\t\t\t<section class=\"has_eae_slider elementor-section elementor-top-section elementor-element elementor-element-8648408 elementor-section-boxed elementor-section-height-default elementor-section-height-default\" data-eae-slider=\"33460\" data-id=\"8648408\" data-element_type=\"section\" data-e-type=\"section\">\n\t\t\t\t\t\t<div class=\"elementor-container elementor-column-gap-default\">\n\t\t\t\t\t<div class=\"has_eae_slider elementor-column elementor-col-100 elementor-top-column elementor-element elementor-element-68b71bf\" data-eae-slider=\"84542\" data-id=\"68b71bf\" data-element_type=\"column\" data-e-type=\"column\">\n\t\t\t<div class=\"elementor-widget-wrap\">\n\t\t\t\t\t\t\t<\/div>\n\t\t<\/div>\n\t\t\t\t\t<\/div>\n\t\t<\/section>\n\t\t\t\t<section class=\"has_eae_slider elementor-section elementor-top-section elementor-element elementor-element-36369f5 elementor-section-boxed elementor-section-height-default elementor-section-height-default\" data-eae-slider=\"296\" data-id=\"36369f5\" data-element_type=\"section\" data-e-type=\"section\">\n\t\t\t\t\t\t<div class=\"elementor-container elementor-column-gap-default\">\n\t\t\t\t\t<div class=\"has_eae_slider elementor-column elementor-col-100 elementor-top-column elementor-element elementor-element-0b42528\" data-eae-slider=\"90663\" data-id=\"0b42528\" data-element_type=\"column\" data-e-type=\"column\">\n\t\t\t<div class=\"elementor-widget-wrap elementor-element-populated\">\n\t\t\t\t\t\t<div class=\"elementor-element elementor-element-2dc9096 elementor-widget elementor-widget-the7_elements\" data-id=\"2dc9096\" data-element_type=\"widget\" data-e-type=\"widget\" data-widget_type=\"the7_elements.default\">\n\t\t\t\t<div class=\"elementor-widget-container\">\n\t\t\t\t\t<div class=\"portfolio-shortcode the7-elementor-widget the7_elements-2dc9096 mode-masonry classic-layout-list description-under-image quick-scale-img content-bg-on enable-bg-rollover resize-by-browser-width loading-effect-fade-in jquery-filter\" data-padding=\"15px\" data-mobile-columns-num=\"1\" data-tablet-columns-num=\"2\" data-desktop-columns-num=\"3\" data-wide-desktop-columns-num=\"3\" data-post-limit=\"-1\" data-pagination-mode=\"none\" data-scroll-offset=\"\" aria-live=\"assertive\"><div class=\"iso-container dt-isotope custom-iso-columns\"><div class=\"visible wf-cell iso-item\" data-post-id=\"76203\" data-date=\"2026-02-20T14:26:38+01:00\" data-name=\"Saeta Yield (Masdar) logra el respaldo del Fondo de Innovaci\u00f3n 2024 de la UE para el proyecto H2 Crit\u00f3n\"><article class=\"post visible post-76203 type-post status-publish format-standard has-post-thumbnail hentry category-news tag-innovacion tag-ue category-4 description-off\" data-name=\"Saeta Yield (Masdar) logra el respaldo del Fondo de Innovaci\u00f3n 2024 de la UE para el proyecto H2 Crit\u00f3n\" data-date=\"2026-02-20T14:26:38+01:00\">\n\n\t<div class=\"post-thumbnail-wrap\">\n\t\t<div class=\"post-thumbnail\">\n\n\t\t\t<a class=\"post-thumbnail-rollover layzr-bg img-css-resize-wrapper\" aria-label=\"Post image\" href=\"https:\/\/www.saetayield.com\/en\/saeta-yield-masdar-logra-el-respaldo-del-fondo-de-innovacion-2024-de-la-ue-para-el-proyecto-h2-criton\/\"><img decoding=\"async\" width=\"1200\" height=\"786\" src=\"data:image\/svg+xml,%3Csvg%20xmlns%3D&#039;http%3A%2F%2Fwww.w3.org%2F2000%2Fsvg&#039;%20viewBox%3D&#039;0%200%201200%20786&#039;%2F%3E\" class=\"attachment-full size-full preload-me aspect lazy lazy-load\" alt=\"\" sizes=\"(max-width: 1200px) 100vw, 1200px\" style=\"--ratio: 1200 \/ 786;\" data-src=\"https:\/\/www.saetayield.com\/wp-content\/uploads\/2026\/02\/flags-of-the-european-union-in-front-of-the-europe-2026-01-08-00-26-44-utc.jpg\" loading=\"eager\" data-srcset=\"https:\/\/www.saetayield.com\/wp-content\/uploads\/2026\/02\/flags-of-the-european-union-in-front-of-the-europe-2026-01-08-00-26-44-utc.jpg 1200w, https:\/\/www.saetayield.com\/wp-content\/uploads\/2026\/02\/flags-of-the-european-union-in-front-of-the-europe-2026-01-08-00-26-44-utc-300x197.jpg 300w, https:\/\/www.saetayield.com\/wp-content\/uploads\/2026\/02\/flags-of-the-european-union-in-front-of-the-europe-2026-01-08-00-26-44-utc-1024x671.jpg 1024w, https:\/\/www.saetayield.com\/wp-content\/uploads\/2026\/02\/flags-of-the-european-union-in-front-of-the-europe-2026-01-08-00-26-44-utc-768x503.jpg 768w, https:\/\/www.saetayield.com\/wp-content\/uploads\/2026\/02\/flags-of-the-european-union-in-front-of-the-europe-2026-01-08-00-26-44-utc-18x12.jpg 18w\" \/><span class=\"the7-hover-icon\"><i aria-hidden=\"true\" class=\"fas fa-plus\"><\/i><\/span><\/a>\n\t\t<\/div>\n\t<\/div>\n\n\n<div class=\"post-entry-content\">\n\n\t<h3 class=\"ele-entry-title\"><a href=\"https:\/\/www.saetayield.com\/en\/saeta-yield-masdar-logra-el-respaldo-del-fondo-de-innovacion-2024-de-la-ue-para-el-proyecto-h2-criton\/\" rel=\"bookmark\" title=\"Saeta Yield (Masdar) logra el respaldo del Fondo de Innovaci\u00f3n 2024 de la UE para el proyecto H2 Crit\u00f3n\">Saeta Yield (Masdar) logra el respaldo del Fondo de Innovaci\u00f3n 2024 de la UE para el proyecto H2 Crit\u00f3n<\/a><\/h3><div class=\"entry-meta\"><a href=\"https:\/\/www.saetayield.com\/en\/2026\/02\/20\/\" title=\"14:26\" class=\"meta-item data-link\" rel=\"bookmark\"><time class=\"entry-date updated\" datetime=\"2026-02-20T14:26:38+01:00\">20\/02\/2026<\/time><\/a><\/div><div class=\"entry-excerpt\"><p>Saeta Yield, plataforma de energ\u00edas renovables de Masdar en Europa Occidental, ha sido seleccionada en la Subasta 2024 del Fondo de Innovaci\u00f3n de la Comisi\u00f3n Europea para impulsar el proyecto H2 Crit\u00f3n. La iniciativa desarrollar\u00e1 una planta de hidr\u00f3geno verde alimentada por activos renovables propios, contribuyendo a la descarbonizaci\u00f3n del transporte pesado y la industria, y reforzando la hoja de ruta del hidr\u00f3geno en Espa\u00f1a y los objetivos del Pacto Verde Europeo.<\/p>\n<\/div><a href=\"https:\/\/www.saetayield.com\/en\/saeta-yield-masdar-logra-el-respaldo-del-fondo-de-innovacion-2024-de-la-ue-para-el-proyecto-h2-criton\/\" target=\"\" aria-label=\"Read more about Saeta Yield (Masdar) logra el respaldo del Fondo de Innovaci\u00f3n 2024 de la UE para el proyecto H2 Crit\u00f3n\" class=\"box-button elementor-button elementor-size-sm\">Leer m\u00e1s<\/a>\n<\/div><\/article><\/div><\/div><!-- iso-container|iso-grid --><\/div>\t\t\t\t<\/div>\n\t\t\t\t<\/div>\n\t\t\t\t\t<\/div>\n\t\t<\/div>\n\t\t\t\t\t<\/div>\n\t\t<\/section>\n\t\t\t\t<\/div>\n\t\t","protected":false},"excerpt":{"rendered":"<p>Saeta Yield (Masdar) logra el respaldo del Fondo de Innovaci\u00f3n 2024 de la UE para el proyecto H2 Crit\u00f3n 20\/02\/2026 Saeta Yield, plataforma de energ\u00edas renovables de Masdar en Europa Occidental, ha sido seleccionada en la Subasta 2024 del Fondo de Innovaci\u00f3n de la Comisi\u00f3n Europea para impulsar el proyecto H2 Crit\u00f3n. La iniciativa desarrollar\u00e1&hellip;<\/p>","protected":false},"author":1,"featured_media":0,"parent":0,"menu_order":0,"comment_status":"closed","ping_status":"closed","template":"elementor_header_footer","meta":{"footnotes":""},"class_list":["post-76040","page","type-page","status-publish","hentry","category-4","description-off"],"_links":{"self":[{"href":"https:\/\/www.saetayield.com\/en\/wp-json\/wp\/v2\/pages\/76040","targetHints":{"allow":["GET"]}}],"collection":[{"href":"https:\/\/www.saetayield.com\/en\/wp-json\/wp\/v2\/pages"}],"about":[{"href":"https:\/\/www.saetayield.com\/en\/wp-json\/wp\/v2\/types\/page"}],"author":[{"embeddable":true,"href":"https:\/\/www.saetayield.com\/en\/wp-json\/wp\/v2\/users\/1"}],"replies":[{"embeddable":true,"href":"https:\/\/www.saetayield.com\/en\/wp-json\/wp\/v2\/comments?post=76040"}],"version-history":[{"count":34,"href":"https:\/\/www.saetayield.com\/en\/wp-json\/wp\/v2\/pages\/76040\/revisions"}],"predecessor-version":[{"id":76224,"href":"https:\/\/www.saetayield.com\/en\/wp-json\/wp\/v2\/pages\/76040\/revisions\/76224"}],"wp:attachment":[{"href":"https:\/\/www.saetayield.com\/en\/wp-json\/wp\/v2\/media?parent=76040"}],"curies":[{"name":"wp","href":"https:\/\/api.w.org\/{rel}","templated":true}]}}